
{"id":6131,"date":"2015-10-30T17:57:34","date_gmt":"2015-10-30T16:57:34","guid":{"rendered":"http:\/\/climbready.eu\/izdelek\/klin-profilni-petelincek-mali-l-13\/"},"modified":"2022-10-10T10:57:11","modified_gmt":"2022-10-10T08:57:11","slug":"rock-hook-angular-rooster-short-l13","status":"publish","type":"product","link":"https:\/\/www.climbready.eu\/en\/product\/rock-hook-angular-rooster-short-l13\/","title":{"rendered":"Rock Hook Angular &#8220;Rooster&#8221; (short) L13 \/ 397"},"content":{"rendered":"<p>Angular rock hook covers a range of 9 &#8211; 18mm wide cracks.<\/p>\n<p>Made of special carbon steel, bent, hardened, and yellow galvanized. Manufactured according to EN795, EN959, and CE standards.<\/p>\n<p>Use: Belaying, belay station, progression<\/p>\n<p>Weight: 89g<\/p>\n<div class=\"cr-specs\">\n<div class=\"text\">EN795<\/div>\n<div class=\"text\">EN959<\/div>\n<div class=\"image\"><img decoding=\"async\" class=\"\" src=\"http:\/\/climbready.eu\/wp-content\/uploads\/2022\/07\/CR-icon-ce-min-2-e1658462864120.png\" alt=\"Rock Hook Angular &quot;Rooster&quot; (short) L13 \/ 397\" height=\"30\" \/><\/div>\n<\/p><\/div>\n<p>   <!-- \/\/ END cr-specs --><\/p>\n","protected":false},"excerpt":{"rendered":"<p>Covers a range of 9 &#8211; 18mm wide cracks.<\/p>\n<p><p>Use: Belaying, belay station, progression<\/p>\n<p>Weight: 89g<\/p>\n","protected":false},"featured_media":5194,"comment_status":"closed","ping_status":"closed","template":"","meta":{"iawp_total_views":297},"product_brand":[],"product_cat":[292,294],"product_tag":[],"class_list":{"0":"post-6131","1":"product","2":"type-product","3":"status-publish","4":"has-post-thumbnail","6":"product_cat-alpine-gear","7":"product_cat-pitons","9":"first","10":"instock","11":"taxable","12":"shipping-taxable","13":"purchasable","14":"product-type-simple"},"yoast_head":"<!-- This site is optimized with the Yoast SEO plugin v27.4 - https:\/\/yoast.com\/product\/yoast-seo-wordpress\/ -->\n<title>Rock Hook Angular &quot;Rooster&quot; (short) L13 \/ 397 - Climb Ready<\/title>\n<meta name=\"robots\" content=\"index, follow, max-snippet:-1, max-image-preview:large, max-video-preview:-1\" \/>\n<link rel=\"canonical\" href=\"https:\/\/www.climbready.eu\/en\/product\/rock-hook-angular-rooster-short-l13\/\" \/>\n<meta property=\"og:locale\" content=\"en_US\" \/>\n<meta property=\"og:type\" content=\"article\" \/>\n<meta property=\"og:title\" content=\"Rock Hook Angular &quot;Rooster&quot; (short) L13 \/ 397 - Climb Ready\" \/>\n<meta property=\"og:description\" content=\"Covers a range of 9 - 18mm wide cracks. Use: Belaying, belay station, progression Weight: 89g\" \/>\n<meta property=\"og:url\" content=\"https:\/\/www.climbready.eu\/en\/product\/rock-hook-angular-rooster-short-l13\/\" \/>\n<meta property=\"og:site_name\" content=\"Climb Ready\" \/>\n<meta property=\"article:modified_time\" content=\"2022-10-10T08:57:11+00:00\" \/>\n<meta property=\"og:image\" content=\"https:\/\/www.climbready.eu\/wp-content\/uploads\/2015\/10\/KLIN-PROFILNI-PETELINCEK-mali-L13_397_01-3.jpg\" \/>\n\t<meta property=\"og:image:width\" content=\"1100\" \/>\n\t<meta property=\"og:image:height\" content=\"1100\" \/>\n\t<meta property=\"og:image:type\" content=\"image\/jpeg\" \/>\n<meta name=\"twitter:card\" content=\"summary_large_image\" \/>\n<meta name=\"twitter:label1\" content=\"Est. reading time\" \/>\n\t<meta name=\"twitter:data1\" content=\"1 minute\" \/>\n<script type=\"application\/ld+json\" class=\"yoast-schema-graph\">{\"@context\":\"https:\\\/\\\/schema.org\",\"@graph\":[{\"@type\":\"WebPage\",\"@id\":\"https:\\\/\\\/www.climbready.eu\\\/en\\\/product\\\/rock-hook-angular-rooster-short-l13\\\/\",\"url\":\"https:\\\/\\\/www.climbready.eu\\\/en\\\/product\\\/rock-hook-angular-rooster-short-l13\\\/\",\"name\":\"Rock Hook Angular \\\"Rooster\\\" (short) L13 \\\/ 397 - Climb Ready\",\"isPartOf\":{\"@id\":\"https:\\\/\\\/www.climbready.eu\\\/en\\\/#website\"},\"primaryImageOfPage\":{\"@id\":\"https:\\\/\\\/www.climbready.eu\\\/en\\\/product\\\/rock-hook-angular-rooster-short-l13\\\/#primaryimage\"},\"image\":{\"@id\":\"https:\\\/\\\/www.climbready.eu\\\/en\\\/product\\\/rock-hook-angular-rooster-short-l13\\\/#primaryimage\"},\"thumbnailUrl\":\"https:\\\/\\\/www.climbready.eu\\\/wp-content\\\/uploads\\\/2015\\\/10\\\/KLIN-PROFILNI-PETELINCEK-mali-L13_397_01-3.jpg\",\"datePublished\":\"2015-10-30T16:57:34+00:00\",\"dateModified\":\"2022-10-10T08:57:11+00:00\",\"breadcrumb\":{\"@id\":\"https:\\\/\\\/www.climbready.eu\\\/en\\\/product\\\/rock-hook-angular-rooster-short-l13\\\/#breadcrumb\"},\"inLanguage\":\"en-US\",\"potentialAction\":[{\"@type\":\"ReadAction\",\"target\":[\"https:\\\/\\\/www.climbready.eu\\\/en\\\/product\\\/rock-hook-angular-rooster-short-l13\\\/\"]}]},{\"@type\":\"ImageObject\",\"inLanguage\":\"en-US\",\"@id\":\"https:\\\/\\\/www.climbready.eu\\\/en\\\/product\\\/rock-hook-angular-rooster-short-l13\\\/#primaryimage\",\"url\":\"https:\\\/\\\/www.climbready.eu\\\/wp-content\\\/uploads\\\/2015\\\/10\\\/KLIN-PROFILNI-PETELINCEK-mali-L13_397_01-3.jpg\",\"contentUrl\":\"https:\\\/\\\/www.climbready.eu\\\/wp-content\\\/uploads\\\/2015\\\/10\\\/KLIN-PROFILNI-PETELINCEK-mali-L13_397_01-3.jpg\",\"width\":1100,\"height\":1100},{\"@type\":\"BreadcrumbList\",\"@id\":\"https:\\\/\\\/www.climbready.eu\\\/en\\\/product\\\/rock-hook-angular-rooster-short-l13\\\/#breadcrumb\",\"itemListElement\":[{\"@type\":\"ListItem\",\"position\":1,\"name\":\"Home\",\"item\":\"https:\\\/\\\/www.climbready.eu\\\/en\\\/\"},{\"@type\":\"ListItem\",\"position\":2,\"name\":\"Shop\",\"item\":\"https:\\\/\\\/www.climbready.eu\\\/en\\\/shop\\\/\"},{\"@type\":\"ListItem\",\"position\":3,\"name\":\"Rock Hook Angular &#8220;Rooster&#8221; (short) L13 \\\/ 397\"}]},{\"@type\":\"WebSite\",\"@id\":\"https:\\\/\\\/www.climbready.eu\\\/en\\\/#website\",\"url\":\"https:\\\/\\\/www.climbready.eu\\\/en\\\/\",\"name\":\"Climb Ready\",\"description\":\"Nepogre\u0161ljiva orodja za plezanje v plezali\u0161\u010dih ali velikih stenah\",\"publisher\":{\"@id\":\"https:\\\/\\\/www.climbready.eu\\\/en\\\/#organization\"},\"potentialAction\":[{\"@type\":\"SearchAction\",\"target\":{\"@type\":\"EntryPoint\",\"urlTemplate\":\"https:\\\/\\\/www.climbready.eu\\\/en\\\/?s={search_term_string}\"},\"query-input\":{\"@type\":\"PropertyValueSpecification\",\"valueRequired\":true,\"valueName\":\"search_term_string\"}}],\"inLanguage\":\"en-US\"},{\"@type\":\"Organization\",\"@id\":\"https:\\\/\\\/www.climbready.eu\\\/en\\\/#organization\",\"name\":\"Climb Ready\",\"url\":\"https:\\\/\\\/www.climbready.eu\\\/en\\\/\",\"logo\":{\"@type\":\"ImageObject\",\"inLanguage\":\"en-US\",\"@id\":\"https:\\\/\\\/www.climbready.eu\\\/en\\\/#\\\/schema\\\/logo\\\/image\\\/\",\"url\":\"https:\\\/\\\/www.climbready.eu\\\/wp-content\\\/uploads\\\/2021\\\/07\\\/Original1-scaled.jpg\",\"contentUrl\":\"https:\\\/\\\/www.climbready.eu\\\/wp-content\\\/uploads\\\/2021\\\/07\\\/Original1-scaled.jpg\",\"width\":2560,\"height\":2560,\"caption\":\"Climb Ready\"},\"image\":{\"@id\":\"https:\\\/\\\/www.climbready.eu\\\/en\\\/#\\\/schema\\\/logo\\\/image\\\/\"}}]}<\/script>\n<!-- \/ Yoast SEO plugin. -->","yoast_head_json":{"title":"Rock Hook Angular \"Rooster\" (short) L13 \/ 397 - Climb Ready","robots":{"index":"index","follow":"follow","max-snippet":"max-snippet:-1","max-image-preview":"max-image-preview:large","max-video-preview":"max-video-preview:-1"},"canonical":"https:\/\/www.climbready.eu\/en\/product\/rock-hook-angular-rooster-short-l13\/","og_locale":"en_US","og_type":"article","og_title":"Rock Hook Angular \"Rooster\" (short) L13 \/ 397 - Climb Ready","og_description":"Covers a range of 9 - 18mm wide cracks. Use: Belaying, belay station, progression Weight: 89g","og_url":"https:\/\/www.climbready.eu\/en\/product\/rock-hook-angular-rooster-short-l13\/","og_site_name":"Climb Ready","article_modified_time":"2022-10-10T08:57:11+00:00","og_image":[{"width":1100,"height":1100,"url":"https:\/\/www.climbready.eu\/wp-content\/uploads\/2015\/10\/KLIN-PROFILNI-PETELINCEK-mali-L13_397_01-3.jpg","type":"image\/jpeg"}],"twitter_card":"summary_large_image","twitter_misc":{"Est. reading time":"1 minute"},"schema":{"@context":"https:\/\/schema.org","@graph":[{"@type":"WebPage","@id":"https:\/\/www.climbready.eu\/en\/product\/rock-hook-angular-rooster-short-l13\/","url":"https:\/\/www.climbready.eu\/en\/product\/rock-hook-angular-rooster-short-l13\/","name":"Rock Hook Angular \"Rooster\" (short) L13 \/ 397 - Climb Ready","isPartOf":{"@id":"https:\/\/www.climbready.eu\/en\/#website"},"primaryImageOfPage":{"@id":"https:\/\/www.climbready.eu\/en\/product\/rock-hook-angular-rooster-short-l13\/#primaryimage"},"image":{"@id":"https:\/\/www.climbready.eu\/en\/product\/rock-hook-angular-rooster-short-l13\/#primaryimage"},"thumbnailUrl":"https:\/\/www.climbready.eu\/wp-content\/uploads\/2015\/10\/KLIN-PROFILNI-PETELINCEK-mali-L13_397_01-3.jpg","datePublished":"2015-10-30T16:57:34+00:00","dateModified":"2022-10-10T08:57:11+00:00","breadcrumb":{"@id":"https:\/\/www.climbready.eu\/en\/product\/rock-hook-angular-rooster-short-l13\/#breadcrumb"},"inLanguage":"en-US","potentialAction":[{"@type":"ReadAction","target":["https:\/\/www.climbready.eu\/en\/product\/rock-hook-angular-rooster-short-l13\/"]}]},{"@type":"ImageObject","inLanguage":"en-US","@id":"https:\/\/www.climbready.eu\/en\/product\/rock-hook-angular-rooster-short-l13\/#primaryimage","url":"https:\/\/www.climbready.eu\/wp-content\/uploads\/2015\/10\/KLIN-PROFILNI-PETELINCEK-mali-L13_397_01-3.jpg","contentUrl":"https:\/\/www.climbready.eu\/wp-content\/uploads\/2015\/10\/KLIN-PROFILNI-PETELINCEK-mali-L13_397_01-3.jpg","width":1100,"height":1100},{"@type":"BreadcrumbList","@id":"https:\/\/www.climbready.eu\/en\/product\/rock-hook-angular-rooster-short-l13\/#breadcrumb","itemListElement":[{"@type":"ListItem","position":1,"name":"Home","item":"https:\/\/www.climbready.eu\/en\/"},{"@type":"ListItem","position":2,"name":"Shop","item":"https:\/\/www.climbready.eu\/en\/shop\/"},{"@type":"ListItem","position":3,"name":"Rock Hook Angular &#8220;Rooster&#8221; (short) L13 \/ 397"}]},{"@type":"WebSite","@id":"https:\/\/www.climbready.eu\/en\/#website","url":"https:\/\/www.climbready.eu\/en\/","name":"Climb Ready","description":"Nepogre\u0161ljiva orodja za plezanje v plezali\u0161\u010dih ali velikih stenah","publisher":{"@id":"https:\/\/www.climbready.eu\/en\/#organization"},"potentialAction":[{"@type":"SearchAction","target":{"@type":"EntryPoint","urlTemplate":"https:\/\/www.climbready.eu\/en\/?s={search_term_string}"},"query-input":{"@type":"PropertyValueSpecification","valueRequired":true,"valueName":"search_term_string"}}],"inLanguage":"en-US"},{"@type":"Organization","@id":"https:\/\/www.climbready.eu\/en\/#organization","name":"Climb Ready","url":"https:\/\/www.climbready.eu\/en\/","logo":{"@type":"ImageObject","inLanguage":"en-US","@id":"https:\/\/www.climbready.eu\/en\/#\/schema\/logo\/image\/","url":"https:\/\/www.climbready.eu\/wp-content\/uploads\/2021\/07\/Original1-scaled.jpg","contentUrl":"https:\/\/www.climbready.eu\/wp-content\/uploads\/2021\/07\/Original1-scaled.jpg","width":2560,"height":2560,"caption":"Climb Ready"},"image":{"@id":"https:\/\/www.climbready.eu\/en\/#\/schema\/logo\/image\/"}}]}},"_links":{"self":[{"href":"https:\/\/www.climbready.eu\/en\/wp-json\/wp\/v2\/product\/6131","targetHints":{"allow":["GET"]}}],"collection":[{"href":"https:\/\/www.climbready.eu\/en\/wp-json\/wp\/v2\/product"}],"about":[{"href":"https:\/\/www.climbready.eu\/en\/wp-json\/wp\/v2\/types\/product"}],"replies":[{"embeddable":true,"href":"https:\/\/www.climbready.eu\/en\/wp-json\/wp\/v2\/comments?post=6131"}],"version-history":[{"count":2,"href":"https:\/\/www.climbready.eu\/en\/wp-json\/wp\/v2\/product\/6131\/revisions"}],"predecessor-version":[{"id":6206,"href":"https:\/\/www.climbready.eu\/en\/wp-json\/wp\/v2\/product\/6131\/revisions\/6206"}],"wp:featuredmedia":[{"embeddable":true,"href":"https:\/\/www.climbready.eu\/en\/wp-json\/wp\/v2\/media\/5194"}],"wp:attachment":[{"href":"https:\/\/www.climbready.eu\/en\/wp-json\/wp\/v2\/media?parent=6131"}],"wp:term":[{"taxonomy":"product_brand","embeddable":true,"href":"https:\/\/www.climbready.eu\/en\/wp-json\/wp\/v2\/product_brand?post=6131"},{"taxonomy":"product_cat","embeddable":true,"href":"https:\/\/www.climbready.eu\/en\/wp-json\/wp\/v2\/product_cat?post=6131"},{"taxonomy":"product_tag","embeddable":true,"href":"https:\/\/www.climbready.eu\/en\/wp-json\/wp\/v2\/product_tag?post=6131"}],"curies":[{"name":"wp","href":"https:\/\/api.w.org\/{rel}","templated":true}]}}