
{"id":6117,"date":"2015-10-30T17:51:03","date_gmt":"2015-10-30T16:51:03","guid":{"rendered":"http:\/\/climbready.eu\/izdelek\/klin-precni-l-13-s-debelina-4mm\/"},"modified":"2022-10-10T10:41:14","modified_gmt":"2022-10-10T08:41:14","slug":"rock-hook-right-angled-l13-s-4mm","status":"publish","type":"product","link":"https:\/\/www.climbready.eu\/en\/product\/rock-hook-right-angled-l13-s-4mm\/","title":{"rendered":"Rock Hook Right-Angled L13 S 4mm \/ 395"},"content":{"rendered":"<p>Right-angled piton is 4mm thick, forged, hardened and yellow galvanized.<\/p>\n<p>Made of special carbon steel in accordance with standards EN795, EN959, and CE norms.<\/p>\n<p>Use: Belaying, belay station, progression<\/p>\n<p>Weight: 88g<\/p>\n<p><!-- Ozna\u010dbe --><\/p>\n<p class=\"cr-legend\"><strong>Marking on the hook:<\/strong><\/p>\n<div class=\"cr-container-manual\">\n<div class=\"visual-block\"><!-- Visual block: M --><\/p>\n<div class=\"image\"><img decoding=\"async\" class=\"\" src=\"http:\/\/climbready.eu\/wp-content\/uploads\/2022\/07\/CR-icon-m-min-1-e1658462428768.png\" alt=\"Rock Hook Right-Angled L13 S 4mm \/ 395\" height=\"40\" \/><\/div>\n<div class=\"desc\">\n<p>Manufacturer\u2019s Logo<\/p>\n<\/div>\n<\/div>\n<p><!-- \/\/ END Visual block M --><\/p>\n<div class=\"visual-block odd\"><!-- Visual block: L13 --><\/p>\n<div class=\"image\"><img decoding=\"async\" class=\"\" src=\"http:\/\/climbready.eu\/wp-content\/uploads\/2022\/07\/CR-icon-LR13-min.png\" alt=\"Rock Hook Right-Angled L13 S 4mm \/ 395\" height=\"40\" \/><\/div>\n<div class=\"desc\">\n<p>Length: 13cm<\/p>\n<\/div>\n<\/div>\n<p><!-- \/\/ END Visual block L13 --><\/p>\n<div class=\"visual-block\"><!-- Visual block: V Varovanje --><\/p>\n<div class=\"image\"><img decoding=\"async\" class=\"\" src=\"http:\/\/climbready.eu\/wp-content\/uploads\/2022\/07\/CR-icon-klin-S-min.png\" alt=\"Rock Hook Right-Angled L13 S 4mm \/ 395\" height=\"40\" \/><\/div>\n<div class=\"desc\">\n<p>Security Piton<\/p>\n<\/div>\n<\/div>\n<p><!-- \/\/ END Visual block S Sidri\u0161\u010de --><\/p>\n<div class=\"visual-block odd\"><!-- Visual block: CE --><\/p>\n<div class=\"image\"><img decoding=\"async\" class=\"\" src=\"http:\/\/climbready.eu\/wp-content\/uploads\/2022\/07\/CR-icon-ce-min-2-e1658462864120.png\n\" alt=\"Rock Hook Right-Angled L13 S 4mm \/ 395\" height=\"40\" \/><\/div>\n<div class=\"desc\">\n<p>CE Marking<\/p>\n<\/div>\n<\/div>\n<p><!-- \/\/ END Visual block CE --><\/div>\n<p><!-- \/\/ END cr-container-manual --><\/p>\n","protected":false},"excerpt":{"rendered":"<p>Right-angled piton is 4mm thick, forged and hardened.<\/p>\n<p>Use: Belaying, belay station, progression<\/p>\n<p>Weight: 88g<\/p>\n","protected":false},"featured_media":5080,"comment_status":"closed","ping_status":"closed","template":"","meta":{"iawp_total_views":326},"product_brand":[],"product_cat":[292,294],"product_tag":[],"class_list":{"0":"post-6117","1":"product","2":"type-product","3":"status-publish","4":"has-post-thumbnail","6":"product_cat-alpine-gear","7":"product_cat-pitons","9":"first","10":"instock","11":"taxable","12":"shipping-taxable","13":"purchasable","14":"product-type-simple"},"yoast_head":"<!-- This site is optimized with the Yoast SEO plugin v27.4 - https:\/\/yoast.com\/product\/yoast-seo-wordpress\/ -->\n<title>Rock Hook Right-Angled L13 S 4mm \/ 395 - Climb Ready<\/title>\n<meta name=\"robots\" content=\"index, follow, max-snippet:-1, max-image-preview:large, max-video-preview:-1\" \/>\n<link rel=\"canonical\" href=\"https:\/\/www.climbready.eu\/en\/product\/rock-hook-right-angled-l13-s-4mm\/\" \/>\n<meta property=\"og:locale\" content=\"en_US\" \/>\n<meta property=\"og:type\" content=\"article\" \/>\n<meta property=\"og:title\" content=\"Rock Hook Right-Angled L13 S 4mm \/ 395 - Climb Ready\" \/>\n<meta property=\"og:description\" content=\"Right-angled piton is 4mm thick, forged and hardened. Use: Belaying, belay station, progression Weight: 88g\" \/>\n<meta property=\"og:url\" content=\"https:\/\/www.climbready.eu\/en\/product\/rock-hook-right-angled-l13-s-4mm\/\" \/>\n<meta property=\"og:site_name\" content=\"Climb Ready\" \/>\n<meta property=\"article:modified_time\" content=\"2022-10-10T08:41:14+00:00\" \/>\n<meta property=\"og:image\" content=\"https:\/\/www.climbready.eu\/wp-content\/uploads\/2015\/10\/395-mg-metal-klini_61-1.jpg\" \/>\n\t<meta property=\"og:image:width\" content=\"1060\" \/>\n\t<meta property=\"og:image:height\" content=\"1060\" \/>\n\t<meta property=\"og:image:type\" content=\"image\/jpeg\" \/>\n<meta name=\"twitter:card\" content=\"summary_large_image\" \/>\n<meta name=\"twitter:label1\" content=\"Est. reading time\" \/>\n\t<meta name=\"twitter:data1\" content=\"2 minutes\" \/>\n<script type=\"application\/ld+json\" class=\"yoast-schema-graph\">{\"@context\":\"https:\\\/\\\/schema.org\",\"@graph\":[{\"@type\":\"WebPage\",\"@id\":\"https:\\\/\\\/www.climbready.eu\\\/en\\\/product\\\/rock-hook-right-angled-l13-s-4mm\\\/\",\"url\":\"https:\\\/\\\/www.climbready.eu\\\/en\\\/product\\\/rock-hook-right-angled-l13-s-4mm\\\/\",\"name\":\"Rock Hook Right-Angled L13 S 4mm \\\/ 395 - Climb Ready\",\"isPartOf\":{\"@id\":\"https:\\\/\\\/www.climbready.eu\\\/en\\\/#website\"},\"primaryImageOfPage\":{\"@id\":\"https:\\\/\\\/www.climbready.eu\\\/en\\\/product\\\/rock-hook-right-angled-l13-s-4mm\\\/#primaryimage\"},\"image\":{\"@id\":\"https:\\\/\\\/www.climbready.eu\\\/en\\\/product\\\/rock-hook-right-angled-l13-s-4mm\\\/#primaryimage\"},\"thumbnailUrl\":\"https:\\\/\\\/www.climbready.eu\\\/wp-content\\\/uploads\\\/2015\\\/10\\\/395-mg-metal-klini_61-1.jpg\",\"datePublished\":\"2015-10-30T16:51:03+00:00\",\"dateModified\":\"2022-10-10T08:41:14+00:00\",\"breadcrumb\":{\"@id\":\"https:\\\/\\\/www.climbready.eu\\\/en\\\/product\\\/rock-hook-right-angled-l13-s-4mm\\\/#breadcrumb\"},\"inLanguage\":\"en-US\",\"potentialAction\":[{\"@type\":\"ReadAction\",\"target\":[\"https:\\\/\\\/www.climbready.eu\\\/en\\\/product\\\/rock-hook-right-angled-l13-s-4mm\\\/\"]}]},{\"@type\":\"ImageObject\",\"inLanguage\":\"en-US\",\"@id\":\"https:\\\/\\\/www.climbready.eu\\\/en\\\/product\\\/rock-hook-right-angled-l13-s-4mm\\\/#primaryimage\",\"url\":\"https:\\\/\\\/www.climbready.eu\\\/wp-content\\\/uploads\\\/2015\\\/10\\\/395-mg-metal-klini_61-1.jpg\",\"contentUrl\":\"https:\\\/\\\/www.climbready.eu\\\/wp-content\\\/uploads\\\/2015\\\/10\\\/395-mg-metal-klini_61-1.jpg\",\"width\":1060,\"height\":1060},{\"@type\":\"BreadcrumbList\",\"@id\":\"https:\\\/\\\/www.climbready.eu\\\/en\\\/product\\\/rock-hook-right-angled-l13-s-4mm\\\/#breadcrumb\",\"itemListElement\":[{\"@type\":\"ListItem\",\"position\":1,\"name\":\"Home\",\"item\":\"https:\\\/\\\/www.climbready.eu\\\/en\\\/\"},{\"@type\":\"ListItem\",\"position\":2,\"name\":\"Shop\",\"item\":\"https:\\\/\\\/www.climbready.eu\\\/en\\\/shop\\\/\"},{\"@type\":\"ListItem\",\"position\":3,\"name\":\"Rock Hook Right-Angled L13 S 4mm \\\/ 395\"}]},{\"@type\":\"WebSite\",\"@id\":\"https:\\\/\\\/www.climbready.eu\\\/en\\\/#website\",\"url\":\"https:\\\/\\\/www.climbready.eu\\\/en\\\/\",\"name\":\"Climb Ready\",\"description\":\"Nepogre\u0161ljiva orodja za plezanje v plezali\u0161\u010dih ali velikih stenah\",\"publisher\":{\"@id\":\"https:\\\/\\\/www.climbready.eu\\\/en\\\/#organization\"},\"potentialAction\":[{\"@type\":\"SearchAction\",\"target\":{\"@type\":\"EntryPoint\",\"urlTemplate\":\"https:\\\/\\\/www.climbready.eu\\\/en\\\/?s={search_term_string}\"},\"query-input\":{\"@type\":\"PropertyValueSpecification\",\"valueRequired\":true,\"valueName\":\"search_term_string\"}}],\"inLanguage\":\"en-US\"},{\"@type\":\"Organization\",\"@id\":\"https:\\\/\\\/www.climbready.eu\\\/en\\\/#organization\",\"name\":\"Climb Ready\",\"url\":\"https:\\\/\\\/www.climbready.eu\\\/en\\\/\",\"logo\":{\"@type\":\"ImageObject\",\"inLanguage\":\"en-US\",\"@id\":\"https:\\\/\\\/www.climbready.eu\\\/en\\\/#\\\/schema\\\/logo\\\/image\\\/\",\"url\":\"https:\\\/\\\/www.climbready.eu\\\/wp-content\\\/uploads\\\/2021\\\/07\\\/Original1-scaled.jpg\",\"contentUrl\":\"https:\\\/\\\/www.climbready.eu\\\/wp-content\\\/uploads\\\/2021\\\/07\\\/Original1-scaled.jpg\",\"width\":2560,\"height\":2560,\"caption\":\"Climb Ready\"},\"image\":{\"@id\":\"https:\\\/\\\/www.climbready.eu\\\/en\\\/#\\\/schema\\\/logo\\\/image\\\/\"}}]}<\/script>\n<!-- \/ Yoast SEO plugin. -->","yoast_head_json":{"title":"Rock Hook Right-Angled L13 S 4mm \/ 395 - Climb Ready","robots":{"index":"index","follow":"follow","max-snippet":"max-snippet:-1","max-image-preview":"max-image-preview:large","max-video-preview":"max-video-preview:-1"},"canonical":"https:\/\/www.climbready.eu\/en\/product\/rock-hook-right-angled-l13-s-4mm\/","og_locale":"en_US","og_type":"article","og_title":"Rock Hook Right-Angled L13 S 4mm \/ 395 - Climb Ready","og_description":"Right-angled piton is 4mm thick, forged and hardened. Use: Belaying, belay station, progression Weight: 88g","og_url":"https:\/\/www.climbready.eu\/en\/product\/rock-hook-right-angled-l13-s-4mm\/","og_site_name":"Climb Ready","article_modified_time":"2022-10-10T08:41:14+00:00","og_image":[{"width":1060,"height":1060,"url":"https:\/\/www.climbready.eu\/wp-content\/uploads\/2015\/10\/395-mg-metal-klini_61-1.jpg","type":"image\/jpeg"}],"twitter_card":"summary_large_image","twitter_misc":{"Est. reading time":"2 minutes"},"schema":{"@context":"https:\/\/schema.org","@graph":[{"@type":"WebPage","@id":"https:\/\/www.climbready.eu\/en\/product\/rock-hook-right-angled-l13-s-4mm\/","url":"https:\/\/www.climbready.eu\/en\/product\/rock-hook-right-angled-l13-s-4mm\/","name":"Rock Hook Right-Angled L13 S 4mm \/ 395 - Climb Ready","isPartOf":{"@id":"https:\/\/www.climbready.eu\/en\/#website"},"primaryImageOfPage":{"@id":"https:\/\/www.climbready.eu\/en\/product\/rock-hook-right-angled-l13-s-4mm\/#primaryimage"},"image":{"@id":"https:\/\/www.climbready.eu\/en\/product\/rock-hook-right-angled-l13-s-4mm\/#primaryimage"},"thumbnailUrl":"https:\/\/www.climbready.eu\/wp-content\/uploads\/2015\/10\/395-mg-metal-klini_61-1.jpg","datePublished":"2015-10-30T16:51:03+00:00","dateModified":"2022-10-10T08:41:14+00:00","breadcrumb":{"@id":"https:\/\/www.climbready.eu\/en\/product\/rock-hook-right-angled-l13-s-4mm\/#breadcrumb"},"inLanguage":"en-US","potentialAction":[{"@type":"ReadAction","target":["https:\/\/www.climbready.eu\/en\/product\/rock-hook-right-angled-l13-s-4mm\/"]}]},{"@type":"ImageObject","inLanguage":"en-US","@id":"https:\/\/www.climbready.eu\/en\/product\/rock-hook-right-angled-l13-s-4mm\/#primaryimage","url":"https:\/\/www.climbready.eu\/wp-content\/uploads\/2015\/10\/395-mg-metal-klini_61-1.jpg","contentUrl":"https:\/\/www.climbready.eu\/wp-content\/uploads\/2015\/10\/395-mg-metal-klini_61-1.jpg","width":1060,"height":1060},{"@type":"BreadcrumbList","@id":"https:\/\/www.climbready.eu\/en\/product\/rock-hook-right-angled-l13-s-4mm\/#breadcrumb","itemListElement":[{"@type":"ListItem","position":1,"name":"Home","item":"https:\/\/www.climbready.eu\/en\/"},{"@type":"ListItem","position":2,"name":"Shop","item":"https:\/\/www.climbready.eu\/en\/shop\/"},{"@type":"ListItem","position":3,"name":"Rock Hook Right-Angled L13 S 4mm \/ 395"}]},{"@type":"WebSite","@id":"https:\/\/www.climbready.eu\/en\/#website","url":"https:\/\/www.climbready.eu\/en\/","name":"Climb Ready","description":"Nepogre\u0161ljiva orodja za plezanje v plezali\u0161\u010dih ali velikih stenah","publisher":{"@id":"https:\/\/www.climbready.eu\/en\/#organization"},"potentialAction":[{"@type":"SearchAction","target":{"@type":"EntryPoint","urlTemplate":"https:\/\/www.climbready.eu\/en\/?s={search_term_string}"},"query-input":{"@type":"PropertyValueSpecification","valueRequired":true,"valueName":"search_term_string"}}],"inLanguage":"en-US"},{"@type":"Organization","@id":"https:\/\/www.climbready.eu\/en\/#organization","name":"Climb Ready","url":"https:\/\/www.climbready.eu\/en\/","logo":{"@type":"ImageObject","inLanguage":"en-US","@id":"https:\/\/www.climbready.eu\/en\/#\/schema\/logo\/image\/","url":"https:\/\/www.climbready.eu\/wp-content\/uploads\/2021\/07\/Original1-scaled.jpg","contentUrl":"https:\/\/www.climbready.eu\/wp-content\/uploads\/2021\/07\/Original1-scaled.jpg","width":2560,"height":2560,"caption":"Climb Ready"},"image":{"@id":"https:\/\/www.climbready.eu\/en\/#\/schema\/logo\/image\/"}}]}},"_links":{"self":[{"href":"https:\/\/www.climbready.eu\/en\/wp-json\/wp\/v2\/product\/6117","targetHints":{"allow":["GET"]}}],"collection":[{"href":"https:\/\/www.climbready.eu\/en\/wp-json\/wp\/v2\/product"}],"about":[{"href":"https:\/\/www.climbready.eu\/en\/wp-json\/wp\/v2\/types\/product"}],"replies":[{"embeddable":true,"href":"https:\/\/www.climbready.eu\/en\/wp-json\/wp\/v2\/comments?post=6117"}],"version-history":[{"count":2,"href":"https:\/\/www.climbready.eu\/en\/wp-json\/wp\/v2\/product\/6117\/revisions"}],"predecessor-version":[{"id":6201,"href":"https:\/\/www.climbready.eu\/en\/wp-json\/wp\/v2\/product\/6117\/revisions\/6201"}],"wp:featuredmedia":[{"embeddable":true,"href":"https:\/\/www.climbready.eu\/en\/wp-json\/wp\/v2\/media\/5080"}],"wp:attachment":[{"href":"https:\/\/www.climbready.eu\/en\/wp-json\/wp\/v2\/media?parent=6117"}],"wp:term":[{"taxonomy":"product_brand","embeddable":true,"href":"https:\/\/www.climbready.eu\/en\/wp-json\/wp\/v2\/product_brand?post=6117"},{"taxonomy":"product_cat","embeddable":true,"href":"https:\/\/www.climbready.eu\/en\/wp-json\/wp\/v2\/product_cat?post=6117"},{"taxonomy":"product_tag","embeddable":true,"href":"https:\/\/www.climbready.eu\/en\/wp-json\/wp\/v2\/product_tag?post=6117"}],"curies":[{"name":"wp","href":"https:\/\/api.w.org\/{rel}","templated":true}]}}