
{"id":6104,"date":"2021-04-22T10:04:52","date_gmt":"2021-04-22T08:04:52","guid":{"rendered":"http:\/\/climbready.eu\/izdelek\/klin-osnovni-diagonalni-dolgi-l-13-s\/"},"modified":"2022-10-07T12:53:16","modified_gmt":"2022-10-07T10:53:16","slug":"universal-rock-hook-diagonal-long-l13-s","status":"publish","type":"product","link":"https:\/\/www.climbready.eu\/en\/product\/universal-rock-hook-diagonal-long-l13-s\/","title":{"rendered":"Universal Rock Hook Diagonal Long L13 S \/ 375"},"content":{"rendered":"<p>Diagonal rock hook is 6mm thick, forged, and hardened. Made of special carbon steel in accordance with standards EN795, EN959, and CE norms.<\/p>\n<p>Head of the hook is turned diagonally by 25\u00ba.<\/p>\n<p>Use: Belay station, belaying, progression<\/p>\n<p>Weight: 78g<\/p>\n<p><!-- Ozna\u010dbe --><\/p>\n<p class=\"cr-legend\"><strong>Marking on the hook:<\/strong><\/p>\n<div class=\"cr-container-manual\">\n<div class=\"visual-block\"><!-- Visual block: M --><\/p>\n<div class=\"image\"><img decoding=\"async\" class=\"\" src=\"http:\/\/climbready.eu\/wp-content\/uploads\/2022\/07\/CR-icon-m-min-1-e1658462428768.png\" alt=\"Universal Rock Hook Diagonal Long L13 S \/ 375\" height=\"40\" \/><\/div>\n<div class=\"desc\">\n<p>Manufacturer\u2019s Logo<\/p>\n<\/div>\n<\/div>\n<p><!-- \/\/ END Visual block M --><\/p>\n<div class=\"visual-block odd\"><!-- Visual block: L13 --><\/p>\n<div class=\"image\"><img decoding=\"async\" class=\"\" src=\"http:\/\/climbready.eu\/wp-content\/uploads\/2022\/07\/CR-icon-LR13-min.png\" alt=\"Universal Rock Hook Diagonal Long L13 S \/ 375\" height=\"40\" \/><\/div>\n<div class=\"desc\">\n<p>Length: 13cm<\/p>\n<\/div>\n<\/div>\n<p><!-- \/\/ END Visual block L13 --><\/p>\n<div class=\"visual-block\"><!-- Visual block: S Sidri\u0161\u010de --><\/p>\n<div class=\"image\"><img decoding=\"async\" class=\"\" src=\"http:\/\/climbready.eu\/wp-content\/uploads\/2022\/07\/CR-icon-klin-S-min.png\" alt=\"Universal Rock Hook Diagonal Long L13 S \/ 375\" height=\"40\" \/><\/div>\n<div class=\"desc\">\n<p>Safety Piton<\/p>\n<\/div>\n<\/div>\n<p><!-- \/\/ END Visual block S Sidri\u0161\u010de --><\/p>\n<div class=\"visual-block odd\"><!-- Visual block: CE --><\/p>\n<div class=\"image\"><img decoding=\"async\" class=\"\" src=\"http:\/\/climbready.eu\/wp-content\/uploads\/2022\/07\/CR-icon-ce-min-2-e1658462864120.png\" alt=\"Universal Rock Hook Diagonal Long L13 S \/ 375\" height=\"40\" \/><\/div>\n<div class=\"desc\">\n<p>CE Marking<\/p>\n<\/div>\n<\/div>\n<p><!-- \/\/ END Visual block CE --><\/div>\n<p><!-- \/\/ END cr-container-manual --><\/p>\n","protected":false},"excerpt":{"rendered":"<p>Diagonal rock hook is 6mm thick, forged, and hardened.<\/p>\n<p>Use: Belay station, belaying, progression<\/p>\n<p>Weight: 78g<\/p>\n","protected":false},"featured_media":5127,"comment_status":"closed","ping_status":"closed","template":"","meta":{"iawp_total_views":339},"product_brand":[],"product_cat":[292,294],"product_tag":[],"class_list":{"0":"post-6104","1":"product","2":"type-product","3":"status-publish","4":"has-post-thumbnail","6":"product_cat-alpine-gear","7":"product_cat-pitons","9":"first","10":"instock","11":"taxable","12":"shipping-taxable","13":"purchasable","14":"product-type-simple"},"yoast_head":"<!-- This site is optimized with the Yoast SEO plugin v27.4 - https:\/\/yoast.com\/product\/yoast-seo-wordpress\/ -->\n<title>Universal Rock Hook Diagonal Long L13 S \/ 375 - Climb Ready<\/title>\n<meta name=\"robots\" content=\"index, follow, max-snippet:-1, max-image-preview:large, max-video-preview:-1\" \/>\n<link rel=\"canonical\" href=\"https:\/\/www.climbready.eu\/en\/product\/universal-rock-hook-diagonal-long-l13-s\/\" \/>\n<meta property=\"og:locale\" content=\"en_US\" \/>\n<meta property=\"og:type\" content=\"article\" \/>\n<meta property=\"og:title\" content=\"Universal Rock Hook Diagonal Long L13 S \/ 375 - Climb Ready\" \/>\n<meta property=\"og:description\" content=\"Diagonal rock hook is 6mm thick, forged, and hardened. Use: Belay station, belaying, progression Weight: 78g\" \/>\n<meta property=\"og:url\" content=\"https:\/\/www.climbready.eu\/en\/product\/universal-rock-hook-diagonal-long-l13-s\/\" \/>\n<meta property=\"og:site_name\" content=\"Climb Ready\" \/>\n<meta property=\"article:modified_time\" content=\"2022-10-07T10:53:16+00:00\" \/>\n<meta property=\"og:image\" content=\"https:\/\/www.climbready.eu\/wp-content\/uploads\/2021\/04\/375-mg-metal-klini_26-1.jpg\" \/>\n\t<meta property=\"og:image:width\" content=\"1200\" \/>\n\t<meta property=\"og:image:height\" content=\"1200\" \/>\n\t<meta property=\"og:image:type\" content=\"image\/jpeg\" \/>\n<meta name=\"twitter:card\" content=\"summary_large_image\" \/>\n<meta name=\"twitter:label1\" content=\"Est. reading time\" \/>\n\t<meta name=\"twitter:data1\" content=\"2 minutes\" \/>\n<script type=\"application\/ld+json\" class=\"yoast-schema-graph\">{\"@context\":\"https:\\\/\\\/schema.org\",\"@graph\":[{\"@type\":\"WebPage\",\"@id\":\"https:\\\/\\\/www.climbready.eu\\\/en\\\/product\\\/universal-rock-hook-diagonal-long-l13-s\\\/\",\"url\":\"https:\\\/\\\/www.climbready.eu\\\/en\\\/product\\\/universal-rock-hook-diagonal-long-l13-s\\\/\",\"name\":\"Universal Rock Hook Diagonal Long L13 S \\\/ 375 - Climb Ready\",\"isPartOf\":{\"@id\":\"https:\\\/\\\/www.climbready.eu\\\/en\\\/#website\"},\"primaryImageOfPage\":{\"@id\":\"https:\\\/\\\/www.climbready.eu\\\/en\\\/product\\\/universal-rock-hook-diagonal-long-l13-s\\\/#primaryimage\"},\"image\":{\"@id\":\"https:\\\/\\\/www.climbready.eu\\\/en\\\/product\\\/universal-rock-hook-diagonal-long-l13-s\\\/#primaryimage\"},\"thumbnailUrl\":\"https:\\\/\\\/www.climbready.eu\\\/wp-content\\\/uploads\\\/2021\\\/04\\\/375-mg-metal-klini_26-1.jpg\",\"datePublished\":\"2021-04-22T08:04:52+00:00\",\"dateModified\":\"2022-10-07T10:53:16+00:00\",\"breadcrumb\":{\"@id\":\"https:\\\/\\\/www.climbready.eu\\\/en\\\/product\\\/universal-rock-hook-diagonal-long-l13-s\\\/#breadcrumb\"},\"inLanguage\":\"en-US\",\"potentialAction\":[{\"@type\":\"ReadAction\",\"target\":[\"https:\\\/\\\/www.climbready.eu\\\/en\\\/product\\\/universal-rock-hook-diagonal-long-l13-s\\\/\"]}]},{\"@type\":\"ImageObject\",\"inLanguage\":\"en-US\",\"@id\":\"https:\\\/\\\/www.climbready.eu\\\/en\\\/product\\\/universal-rock-hook-diagonal-long-l13-s\\\/#primaryimage\",\"url\":\"https:\\\/\\\/www.climbready.eu\\\/wp-content\\\/uploads\\\/2021\\\/04\\\/375-mg-metal-klini_26-1.jpg\",\"contentUrl\":\"https:\\\/\\\/www.climbready.eu\\\/wp-content\\\/uploads\\\/2021\\\/04\\\/375-mg-metal-klini_26-1.jpg\",\"width\":1200,\"height\":1200},{\"@type\":\"BreadcrumbList\",\"@id\":\"https:\\\/\\\/www.climbready.eu\\\/en\\\/product\\\/universal-rock-hook-diagonal-long-l13-s\\\/#breadcrumb\",\"itemListElement\":[{\"@type\":\"ListItem\",\"position\":1,\"name\":\"Home\",\"item\":\"https:\\\/\\\/www.climbready.eu\\\/en\\\/\"},{\"@type\":\"ListItem\",\"position\":2,\"name\":\"Shop\",\"item\":\"https:\\\/\\\/www.climbready.eu\\\/en\\\/shop\\\/\"},{\"@type\":\"ListItem\",\"position\":3,\"name\":\"Universal Rock Hook Diagonal Long L13 S \\\/ 375\"}]},{\"@type\":\"WebSite\",\"@id\":\"https:\\\/\\\/www.climbready.eu\\\/en\\\/#website\",\"url\":\"https:\\\/\\\/www.climbready.eu\\\/en\\\/\",\"name\":\"Climb Ready\",\"description\":\"Nepogre\u0161ljiva orodja za plezanje v plezali\u0161\u010dih ali velikih stenah\",\"publisher\":{\"@id\":\"https:\\\/\\\/www.climbready.eu\\\/en\\\/#organization\"},\"potentialAction\":[{\"@type\":\"SearchAction\",\"target\":{\"@type\":\"EntryPoint\",\"urlTemplate\":\"https:\\\/\\\/www.climbready.eu\\\/en\\\/?s={search_term_string}\"},\"query-input\":{\"@type\":\"PropertyValueSpecification\",\"valueRequired\":true,\"valueName\":\"search_term_string\"}}],\"inLanguage\":\"en-US\"},{\"@type\":\"Organization\",\"@id\":\"https:\\\/\\\/www.climbready.eu\\\/en\\\/#organization\",\"name\":\"Climb Ready\",\"url\":\"https:\\\/\\\/www.climbready.eu\\\/en\\\/\",\"logo\":{\"@type\":\"ImageObject\",\"inLanguage\":\"en-US\",\"@id\":\"https:\\\/\\\/www.climbready.eu\\\/en\\\/#\\\/schema\\\/logo\\\/image\\\/\",\"url\":\"https:\\\/\\\/www.climbready.eu\\\/wp-content\\\/uploads\\\/2021\\\/07\\\/Original1-scaled.jpg\",\"contentUrl\":\"https:\\\/\\\/www.climbready.eu\\\/wp-content\\\/uploads\\\/2021\\\/07\\\/Original1-scaled.jpg\",\"width\":2560,\"height\":2560,\"caption\":\"Climb Ready\"},\"image\":{\"@id\":\"https:\\\/\\\/www.climbready.eu\\\/en\\\/#\\\/schema\\\/logo\\\/image\\\/\"}}]}<\/script>\n<!-- \/ Yoast SEO plugin. -->","yoast_head_json":{"title":"Universal Rock Hook Diagonal Long L13 S \/ 375 - Climb Ready","robots":{"index":"index","follow":"follow","max-snippet":"max-snippet:-1","max-image-preview":"max-image-preview:large","max-video-preview":"max-video-preview:-1"},"canonical":"https:\/\/www.climbready.eu\/en\/product\/universal-rock-hook-diagonal-long-l13-s\/","og_locale":"en_US","og_type":"article","og_title":"Universal Rock Hook Diagonal Long L13 S \/ 375 - Climb Ready","og_description":"Diagonal rock hook is 6mm thick, forged, and hardened. Use: Belay station, belaying, progression Weight: 78g","og_url":"https:\/\/www.climbready.eu\/en\/product\/universal-rock-hook-diagonal-long-l13-s\/","og_site_name":"Climb Ready","article_modified_time":"2022-10-07T10:53:16+00:00","og_image":[{"width":1200,"height":1200,"url":"https:\/\/www.climbready.eu\/wp-content\/uploads\/2021\/04\/375-mg-metal-klini_26-1.jpg","type":"image\/jpeg"}],"twitter_card":"summary_large_image","twitter_misc":{"Est. reading time":"2 minutes"},"schema":{"@context":"https:\/\/schema.org","@graph":[{"@type":"WebPage","@id":"https:\/\/www.climbready.eu\/en\/product\/universal-rock-hook-diagonal-long-l13-s\/","url":"https:\/\/www.climbready.eu\/en\/product\/universal-rock-hook-diagonal-long-l13-s\/","name":"Universal Rock Hook Diagonal Long L13 S \/ 375 - Climb Ready","isPartOf":{"@id":"https:\/\/www.climbready.eu\/en\/#website"},"primaryImageOfPage":{"@id":"https:\/\/www.climbready.eu\/en\/product\/universal-rock-hook-diagonal-long-l13-s\/#primaryimage"},"image":{"@id":"https:\/\/www.climbready.eu\/en\/product\/universal-rock-hook-diagonal-long-l13-s\/#primaryimage"},"thumbnailUrl":"https:\/\/www.climbready.eu\/wp-content\/uploads\/2021\/04\/375-mg-metal-klini_26-1.jpg","datePublished":"2021-04-22T08:04:52+00:00","dateModified":"2022-10-07T10:53:16+00:00","breadcrumb":{"@id":"https:\/\/www.climbready.eu\/en\/product\/universal-rock-hook-diagonal-long-l13-s\/#breadcrumb"},"inLanguage":"en-US","potentialAction":[{"@type":"ReadAction","target":["https:\/\/www.climbready.eu\/en\/product\/universal-rock-hook-diagonal-long-l13-s\/"]}]},{"@type":"ImageObject","inLanguage":"en-US","@id":"https:\/\/www.climbready.eu\/en\/product\/universal-rock-hook-diagonal-long-l13-s\/#primaryimage","url":"https:\/\/www.climbready.eu\/wp-content\/uploads\/2021\/04\/375-mg-metal-klini_26-1.jpg","contentUrl":"https:\/\/www.climbready.eu\/wp-content\/uploads\/2021\/04\/375-mg-metal-klini_26-1.jpg","width":1200,"height":1200},{"@type":"BreadcrumbList","@id":"https:\/\/www.climbready.eu\/en\/product\/universal-rock-hook-diagonal-long-l13-s\/#breadcrumb","itemListElement":[{"@type":"ListItem","position":1,"name":"Home","item":"https:\/\/www.climbready.eu\/en\/"},{"@type":"ListItem","position":2,"name":"Shop","item":"https:\/\/www.climbready.eu\/en\/shop\/"},{"@type":"ListItem","position":3,"name":"Universal Rock Hook Diagonal Long L13 S \/ 375"}]},{"@type":"WebSite","@id":"https:\/\/www.climbready.eu\/en\/#website","url":"https:\/\/www.climbready.eu\/en\/","name":"Climb Ready","description":"Nepogre\u0161ljiva orodja za plezanje v plezali\u0161\u010dih ali velikih stenah","publisher":{"@id":"https:\/\/www.climbready.eu\/en\/#organization"},"potentialAction":[{"@type":"SearchAction","target":{"@type":"EntryPoint","urlTemplate":"https:\/\/www.climbready.eu\/en\/?s={search_term_string}"},"query-input":{"@type":"PropertyValueSpecification","valueRequired":true,"valueName":"search_term_string"}}],"inLanguage":"en-US"},{"@type":"Organization","@id":"https:\/\/www.climbready.eu\/en\/#organization","name":"Climb Ready","url":"https:\/\/www.climbready.eu\/en\/","logo":{"@type":"ImageObject","inLanguage":"en-US","@id":"https:\/\/www.climbready.eu\/en\/#\/schema\/logo\/image\/","url":"https:\/\/www.climbready.eu\/wp-content\/uploads\/2021\/07\/Original1-scaled.jpg","contentUrl":"https:\/\/www.climbready.eu\/wp-content\/uploads\/2021\/07\/Original1-scaled.jpg","width":2560,"height":2560,"caption":"Climb Ready"},"image":{"@id":"https:\/\/www.climbready.eu\/en\/#\/schema\/logo\/image\/"}}]}},"_links":{"self":[{"href":"https:\/\/www.climbready.eu\/en\/wp-json\/wp\/v2\/product\/6104","targetHints":{"allow":["GET"]}}],"collection":[{"href":"https:\/\/www.climbready.eu\/en\/wp-json\/wp\/v2\/product"}],"about":[{"href":"https:\/\/www.climbready.eu\/en\/wp-json\/wp\/v2\/types\/product"}],"replies":[{"embeddable":true,"href":"https:\/\/www.climbready.eu\/en\/wp-json\/wp\/v2\/comments?post=6104"}],"version-history":[{"count":2,"href":"https:\/\/www.climbready.eu\/en\/wp-json\/wp\/v2\/product\/6104\/revisions"}],"predecessor-version":[{"id":6195,"href":"https:\/\/www.climbready.eu\/en\/wp-json\/wp\/v2\/product\/6104\/revisions\/6195"}],"wp:featuredmedia":[{"embeddable":true,"href":"https:\/\/www.climbready.eu\/en\/wp-json\/wp\/v2\/media\/5127"}],"wp:attachment":[{"href":"https:\/\/www.climbready.eu\/en\/wp-json\/wp\/v2\/media?parent=6104"}],"wp:term":[{"taxonomy":"product_brand","embeddable":true,"href":"https:\/\/www.climbready.eu\/en\/wp-json\/wp\/v2\/product_brand?post=6104"},{"taxonomy":"product_cat","embeddable":true,"href":"https:\/\/www.climbready.eu\/en\/wp-json\/wp\/v2\/product_cat?post=6104"},{"taxonomy":"product_tag","embeddable":true,"href":"https:\/\/www.climbready.eu\/en\/wp-json\/wp\/v2\/product_tag?post=6104"}],"curies":[{"name":"wp","href":"https:\/\/api.w.org\/{rel}","templated":true}]}}