
{"id":6066,"date":"2015-10-30T17:35:02","date_gmt":"2015-10-30T16:35:02","guid":{"rendered":"http:\/\/climbready.eu\/izdelek\/sidro-zatezno-m10x70-mm-inox-a4\/"},"modified":"2022-10-25T08:56:10","modified_gmt":"2022-10-25T06:56:10","slug":"expansion-bolt-m10x70mm-inox-a4","status":"publish","type":"product","link":"https:\/\/www.climbready.eu\/en\/product\/expansion-bolt-m10x70mm-inox-a4\/","title":{"rendered":"Expansion Bolt M10x70mm INOX A4 \/ 388"},"content":{"rendered":"<p>The expansion bolt is drop-forged and has a rolled thread, which gives it exceptional mechanical properties in terms of load capacity and impact resistance.<\/p>\n<p>Made of A4 -316 stainless steel. TSA design, M10 thread, anchor length 70mm. The bolt is supplied with a washer and a nut.<\/p>\n<p>Use: for fixing outdoor anchor points<\/p>\n<p>Weight: 49g<\/p>\n","protected":false},"excerpt":{"rendered":"<p>The expansion bolt is drop-forged and has a rolled thread, which gives it exceptional mechanical properties in terms of load capacity and impact resistance.<\/p>\n<p>Use: for fixing outdoor anchor points<\/p>\n<p>Weight: 49g<\/p>\n","protected":false},"featured_media":5082,"comment_status":"closed","ping_status":"closed","template":"","meta":{"iawp_total_views":87},"product_brand":[],"product_cat":[292,293],"product_tag":[],"class_list":{"0":"post-6066","1":"product","2":"type-product","3":"status-publish","4":"has-post-thumbnail","6":"product_cat-alpine-gear","7":"product_cat-bolting-for-indoor-outdoor-climbing-walls","9":"first","10":"instock","11":"taxable","12":"shipping-taxable","13":"purchasable","14":"product-type-simple"},"yoast_head":"<!-- This site is optimized with the Yoast SEO plugin v27.4 - https:\/\/yoast.com\/product\/yoast-seo-wordpress\/ -->\n<title>Expansion Bolt M10x70mm INOX A4 \/ 388 - Climb Ready<\/title>\n<meta name=\"robots\" content=\"index, follow, max-snippet:-1, max-image-preview:large, max-video-preview:-1\" \/>\n<link rel=\"canonical\" href=\"https:\/\/www.climbready.eu\/en\/product\/expansion-bolt-m10x70mm-inox-a4\/\" \/>\n<meta property=\"og:locale\" content=\"en_US\" \/>\n<meta property=\"og:type\" content=\"article\" \/>\n<meta property=\"og:title\" content=\"Expansion Bolt M10x70mm INOX A4 \/ 388 - Climb Ready\" \/>\n<meta property=\"og:description\" content=\"The expansion bolt is drop-forged and has a rolled thread, which gives it exceptional mechanical properties in terms of load capacity and impact resistance.  Use: for fixing outdoor anchor points Weight: 49g\" \/>\n<meta property=\"og:url\" content=\"https:\/\/www.climbready.eu\/en\/product\/expansion-bolt-m10x70mm-inox-a4\/\" \/>\n<meta property=\"og:site_name\" content=\"Climb Ready\" \/>\n<meta property=\"article:modified_time\" content=\"2022-10-25T06:56:10+00:00\" \/>\n<meta property=\"og:image\" content=\"https:\/\/www.climbready.eu\/wp-content\/uploads\/2015\/10\/388-mg-metal-klini_03-1.jpg\" \/>\n\t<meta property=\"og:image:width\" content=\"900\" \/>\n\t<meta property=\"og:image:height\" content=\"900\" \/>\n\t<meta property=\"og:image:type\" content=\"image\/jpeg\" \/>\n<meta name=\"twitter:card\" content=\"summary_large_image\" \/>\n<meta name=\"twitter:label1\" content=\"Est. reading time\" \/>\n\t<meta name=\"twitter:data1\" content=\"1 minute\" \/>\n<script type=\"application\/ld+json\" class=\"yoast-schema-graph\">{\"@context\":\"https:\\\/\\\/schema.org\",\"@graph\":[{\"@type\":\"WebPage\",\"@id\":\"https:\\\/\\\/www.climbready.eu\\\/en\\\/product\\\/expansion-bolt-m10x70mm-inox-a4\\\/\",\"url\":\"https:\\\/\\\/www.climbready.eu\\\/en\\\/product\\\/expansion-bolt-m10x70mm-inox-a4\\\/\",\"name\":\"Expansion Bolt M10x70mm INOX A4 \\\/ 388 - Climb Ready\",\"isPartOf\":{\"@id\":\"https:\\\/\\\/www.climbready.eu\\\/en\\\/#website\"},\"primaryImageOfPage\":{\"@id\":\"https:\\\/\\\/www.climbready.eu\\\/en\\\/product\\\/expansion-bolt-m10x70mm-inox-a4\\\/#primaryimage\"},\"image\":{\"@id\":\"https:\\\/\\\/www.climbready.eu\\\/en\\\/product\\\/expansion-bolt-m10x70mm-inox-a4\\\/#primaryimage\"},\"thumbnailUrl\":\"https:\\\/\\\/www.climbready.eu\\\/wp-content\\\/uploads\\\/2015\\\/10\\\/388-mg-metal-klini_03-1.jpg\",\"datePublished\":\"2015-10-30T16:35:02+00:00\",\"dateModified\":\"2022-10-25T06:56:10+00:00\",\"breadcrumb\":{\"@id\":\"https:\\\/\\\/www.climbready.eu\\\/en\\\/product\\\/expansion-bolt-m10x70mm-inox-a4\\\/#breadcrumb\"},\"inLanguage\":\"en-US\",\"potentialAction\":[{\"@type\":\"ReadAction\",\"target\":[\"https:\\\/\\\/www.climbready.eu\\\/en\\\/product\\\/expansion-bolt-m10x70mm-inox-a4\\\/\"]}]},{\"@type\":\"ImageObject\",\"inLanguage\":\"en-US\",\"@id\":\"https:\\\/\\\/www.climbready.eu\\\/en\\\/product\\\/expansion-bolt-m10x70mm-inox-a4\\\/#primaryimage\",\"url\":\"https:\\\/\\\/www.climbready.eu\\\/wp-content\\\/uploads\\\/2015\\\/10\\\/388-mg-metal-klini_03-1.jpg\",\"contentUrl\":\"https:\\\/\\\/www.climbready.eu\\\/wp-content\\\/uploads\\\/2015\\\/10\\\/388-mg-metal-klini_03-1.jpg\",\"width\":900,\"height\":900},{\"@type\":\"BreadcrumbList\",\"@id\":\"https:\\\/\\\/www.climbready.eu\\\/en\\\/product\\\/expansion-bolt-m10x70mm-inox-a4\\\/#breadcrumb\",\"itemListElement\":[{\"@type\":\"ListItem\",\"position\":1,\"name\":\"Home\",\"item\":\"https:\\\/\\\/www.climbready.eu\\\/en\\\/\"},{\"@type\":\"ListItem\",\"position\":2,\"name\":\"Shop\",\"item\":\"https:\\\/\\\/www.climbready.eu\\\/en\\\/shop\\\/\"},{\"@type\":\"ListItem\",\"position\":3,\"name\":\"Expansion Bolt M10x70mm INOX A4 \\\/ 388\"}]},{\"@type\":\"WebSite\",\"@id\":\"https:\\\/\\\/www.climbready.eu\\\/en\\\/#website\",\"url\":\"https:\\\/\\\/www.climbready.eu\\\/en\\\/\",\"name\":\"Climb Ready\",\"description\":\"Nepogre\u0161ljiva orodja za plezanje v plezali\u0161\u010dih ali velikih stenah\",\"publisher\":{\"@id\":\"https:\\\/\\\/www.climbready.eu\\\/en\\\/#organization\"},\"potentialAction\":[{\"@type\":\"SearchAction\",\"target\":{\"@type\":\"EntryPoint\",\"urlTemplate\":\"https:\\\/\\\/www.climbready.eu\\\/en\\\/?s={search_term_string}\"},\"query-input\":{\"@type\":\"PropertyValueSpecification\",\"valueRequired\":true,\"valueName\":\"search_term_string\"}}],\"inLanguage\":\"en-US\"},{\"@type\":\"Organization\",\"@id\":\"https:\\\/\\\/www.climbready.eu\\\/en\\\/#organization\",\"name\":\"Climb Ready\",\"url\":\"https:\\\/\\\/www.climbready.eu\\\/en\\\/\",\"logo\":{\"@type\":\"ImageObject\",\"inLanguage\":\"en-US\",\"@id\":\"https:\\\/\\\/www.climbready.eu\\\/en\\\/#\\\/schema\\\/logo\\\/image\\\/\",\"url\":\"https:\\\/\\\/www.climbready.eu\\\/wp-content\\\/uploads\\\/2021\\\/07\\\/Original1-scaled.jpg\",\"contentUrl\":\"https:\\\/\\\/www.climbready.eu\\\/wp-content\\\/uploads\\\/2021\\\/07\\\/Original1-scaled.jpg\",\"width\":2560,\"height\":2560,\"caption\":\"Climb Ready\"},\"image\":{\"@id\":\"https:\\\/\\\/www.climbready.eu\\\/en\\\/#\\\/schema\\\/logo\\\/image\\\/\"}}]}<\/script>\n<!-- \/ Yoast SEO plugin. -->","yoast_head_json":{"title":"Expansion Bolt M10x70mm INOX A4 \/ 388 - Climb Ready","robots":{"index":"index","follow":"follow","max-snippet":"max-snippet:-1","max-image-preview":"max-image-preview:large","max-video-preview":"max-video-preview:-1"},"canonical":"https:\/\/www.climbready.eu\/en\/product\/expansion-bolt-m10x70mm-inox-a4\/","og_locale":"en_US","og_type":"article","og_title":"Expansion Bolt M10x70mm INOX A4 \/ 388 - Climb Ready","og_description":"The expansion bolt is drop-forged and has a rolled thread, which gives it exceptional mechanical properties in terms of load capacity and impact resistance.  Use: for fixing outdoor anchor points Weight: 49g","og_url":"https:\/\/www.climbready.eu\/en\/product\/expansion-bolt-m10x70mm-inox-a4\/","og_site_name":"Climb Ready","article_modified_time":"2022-10-25T06:56:10+00:00","og_image":[{"width":900,"height":900,"url":"https:\/\/www.climbready.eu\/wp-content\/uploads\/2015\/10\/388-mg-metal-klini_03-1.jpg","type":"image\/jpeg"}],"twitter_card":"summary_large_image","twitter_misc":{"Est. reading time":"1 minute"},"schema":{"@context":"https:\/\/schema.org","@graph":[{"@type":"WebPage","@id":"https:\/\/www.climbready.eu\/en\/product\/expansion-bolt-m10x70mm-inox-a4\/","url":"https:\/\/www.climbready.eu\/en\/product\/expansion-bolt-m10x70mm-inox-a4\/","name":"Expansion Bolt M10x70mm INOX A4 \/ 388 - Climb Ready","isPartOf":{"@id":"https:\/\/www.climbready.eu\/en\/#website"},"primaryImageOfPage":{"@id":"https:\/\/www.climbready.eu\/en\/product\/expansion-bolt-m10x70mm-inox-a4\/#primaryimage"},"image":{"@id":"https:\/\/www.climbready.eu\/en\/product\/expansion-bolt-m10x70mm-inox-a4\/#primaryimage"},"thumbnailUrl":"https:\/\/www.climbready.eu\/wp-content\/uploads\/2015\/10\/388-mg-metal-klini_03-1.jpg","datePublished":"2015-10-30T16:35:02+00:00","dateModified":"2022-10-25T06:56:10+00:00","breadcrumb":{"@id":"https:\/\/www.climbready.eu\/en\/product\/expansion-bolt-m10x70mm-inox-a4\/#breadcrumb"},"inLanguage":"en-US","potentialAction":[{"@type":"ReadAction","target":["https:\/\/www.climbready.eu\/en\/product\/expansion-bolt-m10x70mm-inox-a4\/"]}]},{"@type":"ImageObject","inLanguage":"en-US","@id":"https:\/\/www.climbready.eu\/en\/product\/expansion-bolt-m10x70mm-inox-a4\/#primaryimage","url":"https:\/\/www.climbready.eu\/wp-content\/uploads\/2015\/10\/388-mg-metal-klini_03-1.jpg","contentUrl":"https:\/\/www.climbready.eu\/wp-content\/uploads\/2015\/10\/388-mg-metal-klini_03-1.jpg","width":900,"height":900},{"@type":"BreadcrumbList","@id":"https:\/\/www.climbready.eu\/en\/product\/expansion-bolt-m10x70mm-inox-a4\/#breadcrumb","itemListElement":[{"@type":"ListItem","position":1,"name":"Home","item":"https:\/\/www.climbready.eu\/en\/"},{"@type":"ListItem","position":2,"name":"Shop","item":"https:\/\/www.climbready.eu\/en\/shop\/"},{"@type":"ListItem","position":3,"name":"Expansion Bolt M10x70mm INOX A4 \/ 388"}]},{"@type":"WebSite","@id":"https:\/\/www.climbready.eu\/en\/#website","url":"https:\/\/www.climbready.eu\/en\/","name":"Climb Ready","description":"Nepogre\u0161ljiva orodja za plezanje v plezali\u0161\u010dih ali velikih stenah","publisher":{"@id":"https:\/\/www.climbready.eu\/en\/#organization"},"potentialAction":[{"@type":"SearchAction","target":{"@type":"EntryPoint","urlTemplate":"https:\/\/www.climbready.eu\/en\/?s={search_term_string}"},"query-input":{"@type":"PropertyValueSpecification","valueRequired":true,"valueName":"search_term_string"}}],"inLanguage":"en-US"},{"@type":"Organization","@id":"https:\/\/www.climbready.eu\/en\/#organization","name":"Climb Ready","url":"https:\/\/www.climbready.eu\/en\/","logo":{"@type":"ImageObject","inLanguage":"en-US","@id":"https:\/\/www.climbready.eu\/en\/#\/schema\/logo\/image\/","url":"https:\/\/www.climbready.eu\/wp-content\/uploads\/2021\/07\/Original1-scaled.jpg","contentUrl":"https:\/\/www.climbready.eu\/wp-content\/uploads\/2021\/07\/Original1-scaled.jpg","width":2560,"height":2560,"caption":"Climb Ready"},"image":{"@id":"https:\/\/www.climbready.eu\/en\/#\/schema\/logo\/image\/"}}]}},"_links":{"self":[{"href":"https:\/\/www.climbready.eu\/en\/wp-json\/wp\/v2\/product\/6066","targetHints":{"allow":["GET"]}}],"collection":[{"href":"https:\/\/www.climbready.eu\/en\/wp-json\/wp\/v2\/product"}],"about":[{"href":"https:\/\/www.climbready.eu\/en\/wp-json\/wp\/v2\/types\/product"}],"replies":[{"embeddable":true,"href":"https:\/\/www.climbready.eu\/en\/wp-json\/wp\/v2\/comments?post=6066"}],"version-history":[{"count":2,"href":"https:\/\/www.climbready.eu\/en\/wp-json\/wp\/v2\/product\/6066\/revisions"}],"predecessor-version":[{"id":6497,"href":"https:\/\/www.climbready.eu\/en\/wp-json\/wp\/v2\/product\/6066\/revisions\/6497"}],"wp:featuredmedia":[{"embeddable":true,"href":"https:\/\/www.climbready.eu\/en\/wp-json\/wp\/v2\/media\/5082"}],"wp:attachment":[{"href":"https:\/\/www.climbready.eu\/en\/wp-json\/wp\/v2\/media?parent=6066"}],"wp:term":[{"taxonomy":"product_brand","embeddable":true,"href":"https:\/\/www.climbready.eu\/en\/wp-json\/wp\/v2\/product_brand?post=6066"},{"taxonomy":"product_cat","embeddable":true,"href":"https:\/\/www.climbready.eu\/en\/wp-json\/wp\/v2\/product_cat?post=6066"},{"taxonomy":"product_tag","embeddable":true,"href":"https:\/\/www.climbready.eu\/en\/wp-json\/wp\/v2\/product_tag?post=6066"}],"curies":[{"name":"wp","href":"https:\/\/api.w.org\/{rel}","templated":true}]}}