
{"id":6022,"date":"2015-10-30T17:11:59","date_gmt":"2015-10-30T16:11:59","guid":{"rendered":"http:\/\/climbready.eu\/izdelek\/ploscica-inox-nerjaveca-30kn-fi-10mm\/"},"modified":"2022-10-24T10:54:57","modified_gmt":"2022-10-24T08:54:57","slug":"hanger-hook-inox-30kn-fi10mm","status":"publish","type":"product","link":"https:\/\/www.climbready.eu\/en\/product\/hanger-hook-inox-30kn-fi10mm\/","title":{"rendered":"Hanger Hook INOX 30KN \u00f810mm \/ 381"},"content":{"rendered":"<p>Made of 4mm thick stainless steel and INOX A4 quality. Hook has high load capacity and is suitable for outdoor and indoor climbing walls (halls), mounting at an angle of inclination up to 100\u00ba (minor overhangs). For larger inclines\/overhangs please use hook no. 379.<\/p>\n<p>Tested by the Institute for Metal Constructions (In\u0161titut za metalne konstrukcije, Ljubljana) in Ljubljana, Slovenia, and manufactured according to the EN795 and EN959 standards, and the CE norm.<\/p>\n<p>Use: belay anchor (in multi-pitch routes)<\/p>\n<p>Weight: 55g<\/p>\n<p><!-- Ozna\u010dbe --><\/p>\n<p class=\"cr-legend\"><strong>Ozna\u010dbe na plo\u0161\u010dici:<\/strong><\/p>\n<div class=\"cr-container-manual\">\n<div class=\"visual-block\"><!-- Visual block: M --><\/p>\n<div class=\"image\"><img decoding=\"async\" class=\"\" src=\"http:\/\/climbready.eu\/wp-content\/uploads\/2022\/07\/CR-icon-m-min-1-e1658462428768.png\" alt=\"Hanger Hook INOX 30KN \u00f810mm \/ 381\" height=\"40\" \/><\/div>\n<div class=\"desc\">\n<p>Manufacturer\u2019s logo<\/p>\n<\/div>\n<\/div>\n<p><!-- \/\/ END Visual block M --><\/p>\n<div class=\"visual-block odd\"><!-- Visual block: 30KN --><\/p>\n<div class=\"image\"><img decoding=\"async\" class=\"\" src=\"http:\/\/climbready.eu\/wp-content\/uploads\/2022\/07\/CR-icon-30-kn-min-e1658477065561.png\" alt=\"Hanger Hook INOX 30KN \u00f810mm \/ 381\" height=\"40\" \/><\/div>\n<div class=\"desc\">\n<p>Permitted load capacity 3.000kg<\/p>\n<\/div>\n<\/div>\n<p><!-- \/\/ END Visual block 30KN --><\/p>\n<div class=\"visual-block\"><!-- Visual block: \u00f810 --><\/p>\n<div class=\"image\"><img decoding=\"async\" class=\"\" src=\"http:\/\/climbready.eu\/wp-content\/uploads\/2022\/07\/CR-icon-fi-10-min-1-e1658476978116.png\" alt=\"Hanger Hook INOX 30KN \u00f810mm \/ 381\" height=\"40\" \/><\/div>\n<div class=\"desc\">\n<p>Hole for anchor or screw (\u00f810, M10 screw)<\/p>\n<\/div>\n<\/div>\n<p><!-- \/\/ END Visual block \u00f810 --><\/p>\n<div class=\"visual-block odd\"><!-- Visual block: CE --><\/p>\n<div class=\"image\"><img decoding=\"async\" class=\"\" src=\"http:\/\/climbready.eu\/wp-content\/uploads\/2022\/07\/CR-icon-ce-min-2-e1658462864120.png\" alt=\"Hanger Hook INOX 30KN \u00f810mm \/ 381\" height=\"40\" \/><\/div>\n<div class=\"desc\">\n<p>European CE standard<\/p>\n<\/div>\n<\/div>\n<p><!-- \/\/ END Visual block CE --><\/div>\n<p><!-- \/\/ END cr-container-manual --><\/p>\n","protected":false},"excerpt":{"rendered":"<p>Made of 4mm thick stainless steel and INOX A4 quality.<\/p>\n<p>Use: belay anchor (in multi-pitch routes)<\/p>\n<p>Weight: 55g<\/p>\n","protected":false},"featured_media":5074,"comment_status":"closed","ping_status":"closed","template":"","meta":{"iawp_total_views":86},"product_brand":[],"product_cat":[292,293],"product_tag":[],"class_list":{"0":"post-6022","1":"product","2":"type-product","3":"status-publish","4":"has-post-thumbnail","6":"product_cat-alpine-gear","7":"product_cat-bolting-for-indoor-outdoor-climbing-walls","9":"first","10":"instock","11":"taxable","12":"shipping-taxable","13":"purchasable","14":"product-type-simple"},"yoast_head":"<!-- This site is optimized with the Yoast SEO plugin v27.4 - https:\/\/yoast.com\/product\/yoast-seo-wordpress\/ -->\n<title>Hanger Hook INOX 30KN \u00f810mm \/ 381 - Climb Ready<\/title>\n<meta name=\"robots\" content=\"index, follow, max-snippet:-1, max-image-preview:large, max-video-preview:-1\" \/>\n<link rel=\"canonical\" href=\"https:\/\/www.climbready.eu\/en\/product\/hanger-hook-inox-30kn-fi10mm\/\" \/>\n<meta property=\"og:locale\" content=\"en_US\" \/>\n<meta property=\"og:type\" content=\"article\" \/>\n<meta property=\"og:title\" content=\"Hanger Hook INOX 30KN \u00f810mm \/ 381 - Climb Ready\" \/>\n<meta property=\"og:description\" content=\"Made of 4mm thick stainless steel and INOX A4 quality. Use: belay anchor (in multi-pitch routes) Weight: 55g\" \/>\n<meta property=\"og:url\" content=\"https:\/\/www.climbready.eu\/en\/product\/hanger-hook-inox-30kn-fi10mm\/\" \/>\n<meta property=\"og:site_name\" content=\"Climb Ready\" \/>\n<meta property=\"article:modified_time\" content=\"2022-10-24T08:54:57+00:00\" \/>\n<meta property=\"og:image\" content=\"https:\/\/www.climbready.eu\/wp-content\/uploads\/2015\/10\/381-mg-metal-klini_10.jpg\" \/>\n\t<meta property=\"og:image:width\" content=\"900\" \/>\n\t<meta property=\"og:image:height\" content=\"900\" \/>\n\t<meta property=\"og:image:type\" content=\"image\/jpeg\" \/>\n<meta name=\"twitter:card\" content=\"summary_large_image\" \/>\n<meta name=\"twitter:label1\" content=\"Est. reading time\" \/>\n\t<meta name=\"twitter:data1\" content=\"2 minutes\" \/>\n<script type=\"application\/ld+json\" class=\"yoast-schema-graph\">{\"@context\":\"https:\\\/\\\/schema.org\",\"@graph\":[{\"@type\":\"WebPage\",\"@id\":\"https:\\\/\\\/www.climbready.eu\\\/en\\\/product\\\/hanger-hook-inox-30kn-fi10mm\\\/\",\"url\":\"https:\\\/\\\/www.climbready.eu\\\/en\\\/product\\\/hanger-hook-inox-30kn-fi10mm\\\/\",\"name\":\"Hanger Hook INOX 30KN \u00f810mm \\\/ 381 - Climb Ready\",\"isPartOf\":{\"@id\":\"https:\\\/\\\/www.climbready.eu\\\/en\\\/#website\"},\"primaryImageOfPage\":{\"@id\":\"https:\\\/\\\/www.climbready.eu\\\/en\\\/product\\\/hanger-hook-inox-30kn-fi10mm\\\/#primaryimage\"},\"image\":{\"@id\":\"https:\\\/\\\/www.climbready.eu\\\/en\\\/product\\\/hanger-hook-inox-30kn-fi10mm\\\/#primaryimage\"},\"thumbnailUrl\":\"https:\\\/\\\/www.climbready.eu\\\/wp-content\\\/uploads\\\/2015\\\/10\\\/381-mg-metal-klini_10.jpg\",\"datePublished\":\"2015-10-30T16:11:59+00:00\",\"dateModified\":\"2022-10-24T08:54:57+00:00\",\"breadcrumb\":{\"@id\":\"https:\\\/\\\/www.climbready.eu\\\/en\\\/product\\\/hanger-hook-inox-30kn-fi10mm\\\/#breadcrumb\"},\"inLanguage\":\"en-US\",\"potentialAction\":[{\"@type\":\"ReadAction\",\"target\":[\"https:\\\/\\\/www.climbready.eu\\\/en\\\/product\\\/hanger-hook-inox-30kn-fi10mm\\\/\"]}]},{\"@type\":\"ImageObject\",\"inLanguage\":\"en-US\",\"@id\":\"https:\\\/\\\/www.climbready.eu\\\/en\\\/product\\\/hanger-hook-inox-30kn-fi10mm\\\/#primaryimage\",\"url\":\"https:\\\/\\\/www.climbready.eu\\\/wp-content\\\/uploads\\\/2015\\\/10\\\/381-mg-metal-klini_10.jpg\",\"contentUrl\":\"https:\\\/\\\/www.climbready.eu\\\/wp-content\\\/uploads\\\/2015\\\/10\\\/381-mg-metal-klini_10.jpg\",\"width\":900,\"height\":900},{\"@type\":\"BreadcrumbList\",\"@id\":\"https:\\\/\\\/www.climbready.eu\\\/en\\\/product\\\/hanger-hook-inox-30kn-fi10mm\\\/#breadcrumb\",\"itemListElement\":[{\"@type\":\"ListItem\",\"position\":1,\"name\":\"Home\",\"item\":\"https:\\\/\\\/www.climbready.eu\\\/en\\\/\"},{\"@type\":\"ListItem\",\"position\":2,\"name\":\"Shop\",\"item\":\"https:\\\/\\\/www.climbready.eu\\\/en\\\/shop\\\/\"},{\"@type\":\"ListItem\",\"position\":3,\"name\":\"Hanger Hook INOX 30KN \u00f810mm \\\/ 381\"}]},{\"@type\":\"WebSite\",\"@id\":\"https:\\\/\\\/www.climbready.eu\\\/en\\\/#website\",\"url\":\"https:\\\/\\\/www.climbready.eu\\\/en\\\/\",\"name\":\"Climb Ready\",\"description\":\"Nepogre\u0161ljiva orodja za plezanje v plezali\u0161\u010dih ali velikih stenah\",\"publisher\":{\"@id\":\"https:\\\/\\\/www.climbready.eu\\\/en\\\/#organization\"},\"potentialAction\":[{\"@type\":\"SearchAction\",\"target\":{\"@type\":\"EntryPoint\",\"urlTemplate\":\"https:\\\/\\\/www.climbready.eu\\\/en\\\/?s={search_term_string}\"},\"query-input\":{\"@type\":\"PropertyValueSpecification\",\"valueRequired\":true,\"valueName\":\"search_term_string\"}}],\"inLanguage\":\"en-US\"},{\"@type\":\"Organization\",\"@id\":\"https:\\\/\\\/www.climbready.eu\\\/en\\\/#organization\",\"name\":\"Climb Ready\",\"url\":\"https:\\\/\\\/www.climbready.eu\\\/en\\\/\",\"logo\":{\"@type\":\"ImageObject\",\"inLanguage\":\"en-US\",\"@id\":\"https:\\\/\\\/www.climbready.eu\\\/en\\\/#\\\/schema\\\/logo\\\/image\\\/\",\"url\":\"https:\\\/\\\/www.climbready.eu\\\/wp-content\\\/uploads\\\/2021\\\/07\\\/Original1-scaled.jpg\",\"contentUrl\":\"https:\\\/\\\/www.climbready.eu\\\/wp-content\\\/uploads\\\/2021\\\/07\\\/Original1-scaled.jpg\",\"width\":2560,\"height\":2560,\"caption\":\"Climb Ready\"},\"image\":{\"@id\":\"https:\\\/\\\/www.climbready.eu\\\/en\\\/#\\\/schema\\\/logo\\\/image\\\/\"}}]}<\/script>\n<!-- \/ Yoast SEO plugin. -->","yoast_head_json":{"title":"Hanger Hook INOX 30KN \u00f810mm \/ 381 - Climb Ready","robots":{"index":"index","follow":"follow","max-snippet":"max-snippet:-1","max-image-preview":"max-image-preview:large","max-video-preview":"max-video-preview:-1"},"canonical":"https:\/\/www.climbready.eu\/en\/product\/hanger-hook-inox-30kn-fi10mm\/","og_locale":"en_US","og_type":"article","og_title":"Hanger Hook INOX 30KN \u00f810mm \/ 381 - Climb Ready","og_description":"Made of 4mm thick stainless steel and INOX A4 quality. Use: belay anchor (in multi-pitch routes) Weight: 55g","og_url":"https:\/\/www.climbready.eu\/en\/product\/hanger-hook-inox-30kn-fi10mm\/","og_site_name":"Climb Ready","article_modified_time":"2022-10-24T08:54:57+00:00","og_image":[{"width":900,"height":900,"url":"https:\/\/www.climbready.eu\/wp-content\/uploads\/2015\/10\/381-mg-metal-klini_10.jpg","type":"image\/jpeg"}],"twitter_card":"summary_large_image","twitter_misc":{"Est. reading time":"2 minutes"},"schema":{"@context":"https:\/\/schema.org","@graph":[{"@type":"WebPage","@id":"https:\/\/www.climbready.eu\/en\/product\/hanger-hook-inox-30kn-fi10mm\/","url":"https:\/\/www.climbready.eu\/en\/product\/hanger-hook-inox-30kn-fi10mm\/","name":"Hanger Hook INOX 30KN \u00f810mm \/ 381 - Climb Ready","isPartOf":{"@id":"https:\/\/www.climbready.eu\/en\/#website"},"primaryImageOfPage":{"@id":"https:\/\/www.climbready.eu\/en\/product\/hanger-hook-inox-30kn-fi10mm\/#primaryimage"},"image":{"@id":"https:\/\/www.climbready.eu\/en\/product\/hanger-hook-inox-30kn-fi10mm\/#primaryimage"},"thumbnailUrl":"https:\/\/www.climbready.eu\/wp-content\/uploads\/2015\/10\/381-mg-metal-klini_10.jpg","datePublished":"2015-10-30T16:11:59+00:00","dateModified":"2022-10-24T08:54:57+00:00","breadcrumb":{"@id":"https:\/\/www.climbready.eu\/en\/product\/hanger-hook-inox-30kn-fi10mm\/#breadcrumb"},"inLanguage":"en-US","potentialAction":[{"@type":"ReadAction","target":["https:\/\/www.climbready.eu\/en\/product\/hanger-hook-inox-30kn-fi10mm\/"]}]},{"@type":"ImageObject","inLanguage":"en-US","@id":"https:\/\/www.climbready.eu\/en\/product\/hanger-hook-inox-30kn-fi10mm\/#primaryimage","url":"https:\/\/www.climbready.eu\/wp-content\/uploads\/2015\/10\/381-mg-metal-klini_10.jpg","contentUrl":"https:\/\/www.climbready.eu\/wp-content\/uploads\/2015\/10\/381-mg-metal-klini_10.jpg","width":900,"height":900},{"@type":"BreadcrumbList","@id":"https:\/\/www.climbready.eu\/en\/product\/hanger-hook-inox-30kn-fi10mm\/#breadcrumb","itemListElement":[{"@type":"ListItem","position":1,"name":"Home","item":"https:\/\/www.climbready.eu\/en\/"},{"@type":"ListItem","position":2,"name":"Shop","item":"https:\/\/www.climbready.eu\/en\/shop\/"},{"@type":"ListItem","position":3,"name":"Hanger Hook INOX 30KN \u00f810mm \/ 381"}]},{"@type":"WebSite","@id":"https:\/\/www.climbready.eu\/en\/#website","url":"https:\/\/www.climbready.eu\/en\/","name":"Climb Ready","description":"Nepogre\u0161ljiva orodja za plezanje v plezali\u0161\u010dih ali velikih stenah","publisher":{"@id":"https:\/\/www.climbready.eu\/en\/#organization"},"potentialAction":[{"@type":"SearchAction","target":{"@type":"EntryPoint","urlTemplate":"https:\/\/www.climbready.eu\/en\/?s={search_term_string}"},"query-input":{"@type":"PropertyValueSpecification","valueRequired":true,"valueName":"search_term_string"}}],"inLanguage":"en-US"},{"@type":"Organization","@id":"https:\/\/www.climbready.eu\/en\/#organization","name":"Climb Ready","url":"https:\/\/www.climbready.eu\/en\/","logo":{"@type":"ImageObject","inLanguage":"en-US","@id":"https:\/\/www.climbready.eu\/en\/#\/schema\/logo\/image\/","url":"https:\/\/www.climbready.eu\/wp-content\/uploads\/2021\/07\/Original1-scaled.jpg","contentUrl":"https:\/\/www.climbready.eu\/wp-content\/uploads\/2021\/07\/Original1-scaled.jpg","width":2560,"height":2560,"caption":"Climb Ready"},"image":{"@id":"https:\/\/www.climbready.eu\/en\/#\/schema\/logo\/image\/"}}]}},"_links":{"self":[{"href":"https:\/\/www.climbready.eu\/en\/wp-json\/wp\/v2\/product\/6022","targetHints":{"allow":["GET"]}}],"collection":[{"href":"https:\/\/www.climbready.eu\/en\/wp-json\/wp\/v2\/product"}],"about":[{"href":"https:\/\/www.climbready.eu\/en\/wp-json\/wp\/v2\/types\/product"}],"replies":[{"embeddable":true,"href":"https:\/\/www.climbready.eu\/en\/wp-json\/wp\/v2\/comments?post=6022"}],"version-history":[{"count":2,"href":"https:\/\/www.climbready.eu\/en\/wp-json\/wp\/v2\/product\/6022\/revisions"}],"predecessor-version":[{"id":6485,"href":"https:\/\/www.climbready.eu\/en\/wp-json\/wp\/v2\/product\/6022\/revisions\/6485"}],"wp:featuredmedia":[{"embeddable":true,"href":"https:\/\/www.climbready.eu\/en\/wp-json\/wp\/v2\/media\/5074"}],"wp:attachment":[{"href":"https:\/\/www.climbready.eu\/en\/wp-json\/wp\/v2\/media?parent=6022"}],"wp:term":[{"taxonomy":"product_brand","embeddable":true,"href":"https:\/\/www.climbready.eu\/en\/wp-json\/wp\/v2\/product_brand?post=6022"},{"taxonomy":"product_cat","embeddable":true,"href":"https:\/\/www.climbready.eu\/en\/wp-json\/wp\/v2\/product_cat?post=6022"},{"taxonomy":"product_tag","embeddable":true,"href":"https:\/\/www.climbready.eu\/en\/wp-json\/wp\/v2\/product_tag?post=6022"}],"curies":[{"name":"wp","href":"https:\/\/api.w.org\/{rel}","templated":true}]}}