
{"id":6584,"date":"2021-07-07T23:00:21","date_gmt":"2021-07-07T21:00:21","guid":{"rendered":"http:\/\/climbready.eu\/center-zasebnosti\/"},"modified":"2022-11-05T13:34:47","modified_gmt":"2022-11-05T12:34:47","slug":"privacy-management","status":"publish","type":"page","link":"https:\/\/www.climbready.eu\/en\/privacy-management\/","title":{"rendered":"Privacy Management"},"content":{"rendered":"\n<div class=\"wordpress-gdpr-privacy-center\"><div class=\"wordpress-gdpr-privacy-center-items\"><a href=\"https:\/\/www.climbready.eu\/center-zasebnosti\/dpo-kontakt\/\" class=\"wordpress-gdpr-privacy-center-item\"><div class=\"wordpress-gdpr-privacy-center-item-contactDPO\"><i class=\"fas fa-user-circle\"><\/i><h2 class=\"wordpress-gdpr-privacy-center-item-headline\">Contact DPO<\/h2><p class=\"wordpress-gdpr-privacy-center-item-desc\">Contact our Data Protection Officer.<\/p><div class=\"wordpress-gdpr-privacy-center-item-action\">Learn More<\/div><\/div><\/a><a href=\"https:\/\/www.climbready.eu\/center-zasebnosti\/izbris-podatkov\/\" class=\"wordpress-gdpr-privacy-center-item\"><div class=\"wordpress-gdpr-privacy-center-item-forgetMe\"><i class=\"fas fa-eraser\"><\/i><h2 class=\"wordpress-gdpr-privacy-center-item-headline\">Forget Me<\/h2><p class=\"wordpress-gdpr-privacy-center-item-desc\">Submit a request to erase your private data.<\/p><div class=\"wordpress-gdpr-privacy-center-item-action\">Learn More<\/div><\/div><\/a><a href=\"https:\/\/www.climbready.eu\/impresum\/\" class=\"wordpress-gdpr-privacy-center-item wordpress-gdpr-privacy-center-item-last\"><div class=\"wordpress-gdpr-privacy-center-item-imprint\"><i class=\"fas fa-file-alt\"><\/i><h2 class=\"wordpress-gdpr-privacy-center-item-headline\">Imprint<\/h2><p class=\"wordpress-gdpr-privacy-center-item-desc\">Learn about our ownership and authorship.<\/p><div class=\"wordpress-gdpr-privacy-center-item-action\">Learn More<\/div><\/div><\/a><a href=\"https:\/\/www.climbready.eu\/politika-zasebnosti\/\" class=\"wordpress-gdpr-privacy-center-item\"><div class=\"wordpress-gdpr-privacy-center-item-privacyPolicy\"><i class=\"fas fa-file-alt\"><\/i><h2 class=\"wordpress-gdpr-privacy-center-item-headline\">Privacy Policy<\/h2><p class=\"wordpress-gdpr-privacy-center-item-desc\">Read about our Privacy Policy here.<\/p><div class=\"wordpress-gdpr-privacy-center-item-action\">Learn More<\/div><\/div><\/a><a href=\"#\" class=\"wordpress-gdpr-privacy-center-item wordpress-gdpr-open-privacy-settings-modal\"><div class=\"wordpress-gdpr-privacy-center-item-privacySettings\"><i class=\"fas fa-user-secret\"><\/i><h2 class=\"wordpress-gdpr-privacy-center-item-headline\">Privacy Settings<\/h2><p class=\"wordpress-gdpr-privacy-center-item-desc\">Configure your personal privacy settings here.<\/p><div class=\"wordpress-gdpr-privacy-center-item-action\">Learn More<\/div><\/div><\/a><a href=\"https:\/\/www.climbready.eu\/pogoji-poslovanja\/\" class=\"wordpress-gdpr-privacy-center-item wordpress-gdpr-privacy-center-item-last\"><div class=\"wordpress-gdpr-privacy-center-item-termsConditions\"><i class=\"fas fa-align-left\"><\/i><h2 class=\"wordpress-gdpr-privacy-center-item-headline\">Terms & Conditions<\/h2><p class=\"wordpress-gdpr-privacy-center-item-desc\">Read more about the Terms & Conditions of our website.<\/p><div class=\"wordpress-gdpr-privacy-center-item-action\">Learn More<\/div><\/div><\/a><\/div><\/div>\n","protected":false},"excerpt":{"rendered":"","protected":false},"author":1,"featured_media":0,"parent":0,"menu_order":0,"comment_status":"closed","ping_status":"closed","template":"","meta":{"iawp_total_views":5,"footnotes":""},"class_list":["post-6584","page","type-page","status-publish","hentry"],"yoast_head":"<!-- This site is optimized with the Yoast SEO plugin v27.4 - https:\/\/yoast.com\/product\/yoast-seo-wordpress\/ -->\n<title>Privacy Management - Climb Ready<\/title>\n<meta name=\"robots\" content=\"noindex, nofollow\" \/>\n<meta property=\"og:locale\" content=\"en_US\" \/>\n<meta property=\"og:type\" content=\"article\" \/>\n<meta property=\"og:title\" content=\"Privacy Management - Climb Ready\" \/>\n<meta property=\"og:url\" content=\"https:\/\/www.climbready.eu\/en\/privacy-management\/\" \/>\n<meta property=\"og:site_name\" content=\"Climb Ready\" \/>\n<meta property=\"article:modified_time\" content=\"2022-11-05T12:34:47+00:00\" \/>\n<meta name=\"twitter:card\" content=\"summary_large_image\" \/>\n<meta name=\"twitter:label1\" content=\"Est. reading time\" \/>\n\t<meta name=\"twitter:data1\" content=\"1 minute\" \/>\n<script type=\"application\/ld+json\" class=\"yoast-schema-graph\">{\"@context\":\"https:\\\/\\\/schema.org\",\"@graph\":[{\"@type\":\"WebPage\",\"@id\":\"https:\\\/\\\/www.climbready.eu\\\/en\\\/privacy-management\\\/\",\"url\":\"https:\\\/\\\/www.climbready.eu\\\/en\\\/privacy-management\\\/\",\"name\":\"Privacy Management - Climb Ready\",\"isPartOf\":{\"@id\":\"https:\\\/\\\/www.climbready.eu\\\/en\\\/#website\"},\"datePublished\":\"2021-07-07T21:00:21+00:00\",\"dateModified\":\"2022-11-05T12:34:47+00:00\",\"breadcrumb\":{\"@id\":\"https:\\\/\\\/www.climbready.eu\\\/en\\\/privacy-management\\\/#breadcrumb\"},\"inLanguage\":\"en-US\",\"potentialAction\":[{\"@type\":\"ReadAction\",\"target\":[\"https:\\\/\\\/www.climbready.eu\\\/en\\\/privacy-management\\\/\"]}]},{\"@type\":\"BreadcrumbList\",\"@id\":\"https:\\\/\\\/www.climbready.eu\\\/en\\\/privacy-management\\\/#breadcrumb\",\"itemListElement\":[{\"@type\":\"ListItem\",\"position\":1,\"name\":\"Home\",\"item\":\"https:\\\/\\\/www.climbready.eu\\\/en\\\/\"},{\"@type\":\"ListItem\",\"position\":2,\"name\":\"Privacy Management\"}]},{\"@type\":\"WebSite\",\"@id\":\"https:\\\/\\\/www.climbready.eu\\\/en\\\/#website\",\"url\":\"https:\\\/\\\/www.climbready.eu\\\/en\\\/\",\"name\":\"Climb Ready\",\"description\":\"Nepogre\u0161ljiva orodja za plezanje v plezali\u0161\u010dih ali velikih stenah\",\"publisher\":{\"@id\":\"https:\\\/\\\/www.climbready.eu\\\/en\\\/#organization\"},\"potentialAction\":[{\"@type\":\"SearchAction\",\"target\":{\"@type\":\"EntryPoint\",\"urlTemplate\":\"https:\\\/\\\/www.climbready.eu\\\/en\\\/?s={search_term_string}\"},\"query-input\":{\"@type\":\"PropertyValueSpecification\",\"valueRequired\":true,\"valueName\":\"search_term_string\"}}],\"inLanguage\":\"en-US\"},{\"@type\":\"Organization\",\"@id\":\"https:\\\/\\\/www.climbready.eu\\\/en\\\/#organization\",\"name\":\"Climb Ready\",\"url\":\"https:\\\/\\\/www.climbready.eu\\\/en\\\/\",\"logo\":{\"@type\":\"ImageObject\",\"inLanguage\":\"en-US\",\"@id\":\"https:\\\/\\\/www.climbready.eu\\\/en\\\/#\\\/schema\\\/logo\\\/image\\\/\",\"url\":\"https:\\\/\\\/www.climbready.eu\\\/wp-content\\\/uploads\\\/2021\\\/07\\\/Original1-scaled.jpg\",\"contentUrl\":\"https:\\\/\\\/www.climbready.eu\\\/wp-content\\\/uploads\\\/2021\\\/07\\\/Original1-scaled.jpg\",\"width\":2560,\"height\":2560,\"caption\":\"Climb Ready\"},\"image\":{\"@id\":\"https:\\\/\\\/www.climbready.eu\\\/en\\\/#\\\/schema\\\/logo\\\/image\\\/\"}}]}<\/script>\n<!-- \/ Yoast SEO plugin. -->","yoast_head_json":{"title":"Privacy Management - Climb Ready","robots":{"index":"noindex","follow":"nofollow"},"og_locale":"en_US","og_type":"article","og_title":"Privacy Management - Climb Ready","og_url":"https:\/\/www.climbready.eu\/en\/privacy-management\/","og_site_name":"Climb Ready","article_modified_time":"2022-11-05T12:34:47+00:00","twitter_card":"summary_large_image","twitter_misc":{"Est. reading time":"1 minute"},"schema":{"@context":"https:\/\/schema.org","@graph":[{"@type":"WebPage","@id":"https:\/\/www.climbready.eu\/en\/privacy-management\/","url":"https:\/\/www.climbready.eu\/en\/privacy-management\/","name":"Privacy Management - Climb Ready","isPartOf":{"@id":"https:\/\/www.climbready.eu\/en\/#website"},"datePublished":"2021-07-07T21:00:21+00:00","dateModified":"2022-11-05T12:34:47+00:00","breadcrumb":{"@id":"https:\/\/www.climbready.eu\/en\/privacy-management\/#breadcrumb"},"inLanguage":"en-US","potentialAction":[{"@type":"ReadAction","target":["https:\/\/www.climbready.eu\/en\/privacy-management\/"]}]},{"@type":"BreadcrumbList","@id":"https:\/\/www.climbready.eu\/en\/privacy-management\/#breadcrumb","itemListElement":[{"@type":"ListItem","position":1,"name":"Home","item":"https:\/\/www.climbready.eu\/en\/"},{"@type":"ListItem","position":2,"name":"Privacy Management"}]},{"@type":"WebSite","@id":"https:\/\/www.climbready.eu\/en\/#website","url":"https:\/\/www.climbready.eu\/en\/","name":"Climb Ready","description":"Nepogre\u0161ljiva orodja za plezanje v plezali\u0161\u010dih ali velikih stenah","publisher":{"@id":"https:\/\/www.climbready.eu\/en\/#organization"},"potentialAction":[{"@type":"SearchAction","target":{"@type":"EntryPoint","urlTemplate":"https:\/\/www.climbready.eu\/en\/?s={search_term_string}"},"query-input":{"@type":"PropertyValueSpecification","valueRequired":true,"valueName":"search_term_string"}}],"inLanguage":"en-US"},{"@type":"Organization","@id":"https:\/\/www.climbready.eu\/en\/#organization","name":"Climb Ready","url":"https:\/\/www.climbready.eu\/en\/","logo":{"@type":"ImageObject","inLanguage":"en-US","@id":"https:\/\/www.climbready.eu\/en\/#\/schema\/logo\/image\/","url":"https:\/\/www.climbready.eu\/wp-content\/uploads\/2021\/07\/Original1-scaled.jpg","contentUrl":"https:\/\/www.climbready.eu\/wp-content\/uploads\/2021\/07\/Original1-scaled.jpg","width":2560,"height":2560,"caption":"Climb Ready"},"image":{"@id":"https:\/\/www.climbready.eu\/en\/#\/schema\/logo\/image\/"}}]}},"_links":{"self":[{"href":"https:\/\/www.climbready.eu\/en\/wp-json\/wp\/v2\/pages\/6584","targetHints":{"allow":["GET"]}}],"collection":[{"href":"https:\/\/www.climbready.eu\/en\/wp-json\/wp\/v2\/pages"}],"about":[{"href":"https:\/\/www.climbready.eu\/en\/wp-json\/wp\/v2\/types\/page"}],"author":[{"embeddable":true,"href":"https:\/\/www.climbready.eu\/en\/wp-json\/wp\/v2\/users\/1"}],"replies":[{"embeddable":true,"href":"https:\/\/www.climbready.eu\/en\/wp-json\/wp\/v2\/comments?post=6584"}],"version-history":[{"count":1,"href":"https:\/\/www.climbready.eu\/en\/wp-json\/wp\/v2\/pages\/6584\/revisions"}],"predecessor-version":[{"id":6649,"href":"https:\/\/www.climbready.eu\/en\/wp-json\/wp\/v2\/pages\/6584\/revisions\/6649"}],"wp:attachment":[{"href":"https:\/\/www.climbready.eu\/en\/wp-json\/wp\/v2\/media?parent=6584"}],"curies":[{"name":"wp","href":"https:\/\/api.w.org\/{rel}","templated":true}]}}