
{"id":6164,"date":"2022-09-20T12:28:07","date_gmt":"2022-09-20T10:28:07","guid":{"rendered":"http:\/\/climbready.eu\/?post_type=product&#038;p=6164"},"modified":"2022-10-03T09:53:58","modified_gmt":"2022-10-03T07:53:58","slug":"gedenk-jubilaeum-felshaken-graviert-quer-l13-s-dicke-4mm-400","status":"publish","type":"product","link":"https:\/\/www.climbready.eu\/de\/produkt\/gedenk-jubilaeum-felshaken-graviert-quer-l13-s-dicke-4mm-400\/","title":{"rendered":"Gedenk-Jubil\u00e4um Felshaken graviert quer L13 S dicke 4mm \/ 400"},"content":{"rendered":"<p>Der Gedenk-Jubil\u00e4um 4mm Felshaken ist auf der Vorderseite mit einem beliebigen Text graviert. Der Felshaken ist gebrauchstauglich und ist eine Ableitung von Nr. 395.<\/p>\n<p>Gefertigt aus Kohlenstoffstahl, geschmiedet, verg\u00fctet, gelb verzinkt und nach den Standards EN795 und EN959 und nach der CE Norm.<\/p>\n<p>Bitte kontaktieren Sie uns f\u00fcr den Preis.<\/p>\n<p>Zweck: Sichern, Standpl\u00e4tze, Vorstieg<\/p>\n<p>Gewicht: 88g<\/p>\n<p><!-- Ozna\u010dbe --><\/p>\n<p class=\"cr-legend\"><strong>Markierungen auf dem Felshaken:<\/strong><\/p>\n<div class=\"cr-container-manual\">\n<div class=\"visual-block\">\n    <!-- Visual block: M --><\/p>\n<div class=\"image\"><img decoding=\"async\" class=\"\"\n        src=\"http:\/\/climbready.eu\/wp-content\/uploads\/2022\/07\/CR-icon-m-min-1-e1658462428768.png\" alt=\"Gedenk-Jubil\u00e4um Felshaken graviert quer L13 S dicke 4mm \/ 400\"\n        height=\"40\" \/><\/div>\n<div class=\"desc\">\n<p>Logo des Herstellers<\/p>\n<\/p><\/div>\n<\/p><\/div>\n<p>  <!-- \/\/ END Visual block M --><\/p>\n<div class=\"visual-block odd\">\n    <!-- Visual block: L11 --><\/p>\n<div class=\"image\"><img decoding=\"async\" class=\"\" src=\"http:\/\/climbready.eu\/wp-content\/uploads\/2022\/07\/CR-icon-LR13-min.png\" alt=\"Gedenk-Jubil\u00e4um Felshaken graviert quer L13 S dicke 4mm \/ 400\" height=\"40\" \/><\/div>\n<div class=\"desc\">\n<p>Die L\u00e4nge des Felshakens betr\u00e4gt 13cm<\/p>\n<\/p><\/div>\n<\/p><\/div>\n<p>  <!-- \/\/ END Visual block L11 --><\/p>\n<div class=\"visual-block\">\n    <!-- Visual block: S Sidri\u0161\u010de --><\/p>\n<div class=\"image\"><img decoding=\"async\" class=\"\" src=\"http:\/\/climbready.eu\/wp-content\/uploads\/2022\/07\/CR-icon-klin-V-min.png\" alt=\"Gedenk-Jubil\u00e4um Felshaken graviert quer L13 S dicke 4mm \/ 400\" height=\"40\" \/><\/div>\n<div class=\"desc\">\n<p>Zwischensicherung und Fortschritt<\/p>\n<\/p><\/div>\n<\/p><\/div>\n<p>  <!-- \/\/ END Visual block S Sidri\u0161\u010de --><\/p>\n<div class=\"visual-block odd\">\n    <!-- Visual block: CE --><\/p>\n<div class=\"image\"><img decoding=\"async\" class=\"\"\n        src=\"http:\/\/climbready.eu\/wp-content\/uploads\/2022\/07\/CR-icon-ce-min-2-e1658462864120.png\" alt=\"Gedenk-Jubil\u00e4um Felshaken graviert quer L13 S dicke 4mm \/ 400\"\n        height=\"40\" \/><\/div>\n<div class=\"desc\">\n<p>Europ\u00e4ische CE-Norm<\/p>\n<\/p><\/div>\n<\/p><\/div>\n<p>  <!-- \/\/ END Visual block CE -->\n<\/div>\n<p><!-- \/\/ END cr-container-manual --><\/p>\n","protected":false},"excerpt":{"rendered":"<p>Der Gedenk-Jubil\u00e4um 4mm Felshaken ist auf der Vorderseite mit einem beliebigen Text graviert.<\/p>\n<p>Der Felshaken ist gebrauchstauglich und ist eine Ableitung von Nr. 395.<\/p>\n<p>Zweck: Sichern, Standpl\u00e4tze, Vorstieg<\/p>\n<p>Gewicht: 88g<\/p>\n","protected":false},"featured_media":5794,"comment_status":"closed","ping_status":"closed","template":"","meta":{"iawp_total_views":68},"product_brand":[],"product_cat":[289,290],"product_tag":[],"class_list":{"0":"post-6164","1":"product","2":"type-product","3":"status-publish","4":"has-post-thumbnail","6":"product_cat-ausruestung-alpinklettern","7":"product_cat-felshaken","9":"first","10":"instock","11":"taxable","12":"shipping-taxable","13":"product-type-simple"},"yoast_head":"<!-- This site is optimized with the Yoast SEO plugin v27.4 - https:\/\/yoast.com\/product\/yoast-seo-wordpress\/ -->\n<title>Gedenk-Jubil\u00e4um Felshaken graviert quer L13 S dicke 4mm \/ 400 - Climb Ready<\/title>\n<meta name=\"robots\" content=\"index, follow, max-snippet:-1, max-image-preview:large, max-video-preview:-1\" \/>\n<link rel=\"canonical\" href=\"https:\/\/www.climbready.eu\/de\/produkt\/gedenk-jubilaeum-felshaken-graviert-quer-l13-s-dicke-4mm-400\/\" \/>\n<meta property=\"og:locale\" content=\"de_DE\" \/>\n<meta property=\"og:type\" content=\"article\" \/>\n<meta property=\"og:title\" content=\"Gedenk-Jubil\u00e4um Felshaken graviert quer L13 S dicke 4mm \/ 400 - Climb Ready\" \/>\n<meta property=\"og:description\" content=\"Der Gedenk-Jubil\u00e4um 4mm Felshaken ist auf der Vorderseite mit einem beliebigen Text graviert. Der Felshaken ist gebrauchstauglich und ist eine Ableitung von Nr. 395. Zweck: Sichern, Standpl\u00e4tze, Vorstieg Gewicht: 88g\" \/>\n<meta property=\"og:url\" content=\"https:\/\/www.climbready.eu\/de\/produkt\/gedenk-jubilaeum-felshaken-graviert-quer-l13-s-dicke-4mm-400\/\" \/>\n<meta property=\"og:site_name\" content=\"Climb Ready\" \/>\n<meta property=\"article:modified_time\" content=\"2022-10-03T07:53:58+00:00\" \/>\n<meta property=\"og:image\" content=\"https:\/\/www.climbready.eu\/wp-content\/uploads\/2015\/10\/395-mg-metal-klini_61-1.jpg\" \/>\n\t<meta property=\"og:image:width\" content=\"1060\" \/>\n\t<meta property=\"og:image:height\" content=\"1060\" \/>\n\t<meta property=\"og:image:type\" content=\"image\/jpeg\" \/>\n<meta name=\"twitter:card\" content=\"summary_large_image\" \/>\n<meta name=\"twitter:label1\" content=\"Gesch\u00e4tzte Lesezeit\" \/>\n\t<meta name=\"twitter:data1\" content=\"2\u00a0Minuten\" \/>\n<script type=\"application\/ld+json\" class=\"yoast-schema-graph\">{\"@context\":\"https:\\\/\\\/schema.org\",\"@graph\":[{\"@type\":\"WebPage\",\"@id\":\"https:\\\/\\\/www.climbready.eu\\\/de\\\/produkt\\\/gedenk-jubilaeum-felshaken-graviert-quer-l13-s-dicke-4mm-400\\\/\",\"url\":\"https:\\\/\\\/www.climbready.eu\\\/de\\\/produkt\\\/gedenk-jubilaeum-felshaken-graviert-quer-l13-s-dicke-4mm-400\\\/\",\"name\":\"Gedenk-Jubil\u00e4um Felshaken graviert quer L13 S dicke 4mm \\\/ 400 - Climb Ready\",\"isPartOf\":{\"@id\":\"https:\\\/\\\/www.climbready.eu\\\/de\\\/#website\"},\"primaryImageOfPage\":{\"@id\":\"https:\\\/\\\/www.climbready.eu\\\/de\\\/produkt\\\/gedenk-jubilaeum-felshaken-graviert-quer-l13-s-dicke-4mm-400\\\/#primaryimage\"},\"image\":{\"@id\":\"https:\\\/\\\/www.climbready.eu\\\/de\\\/produkt\\\/gedenk-jubilaeum-felshaken-graviert-quer-l13-s-dicke-4mm-400\\\/#primaryimage\"},\"thumbnailUrl\":\"https:\\\/\\\/www.climbready.eu\\\/wp-content\\\/uploads\\\/2015\\\/10\\\/395-mg-metal-klini_61-1.jpg\",\"datePublished\":\"2022-09-20T10:28:07+00:00\",\"dateModified\":\"2022-10-03T07:53:58+00:00\",\"breadcrumb\":{\"@id\":\"https:\\\/\\\/www.climbready.eu\\\/de\\\/produkt\\\/gedenk-jubilaeum-felshaken-graviert-quer-l13-s-dicke-4mm-400\\\/#breadcrumb\"},\"inLanguage\":\"de\",\"potentialAction\":[{\"@type\":\"ReadAction\",\"target\":[\"https:\\\/\\\/www.climbready.eu\\\/de\\\/produkt\\\/gedenk-jubilaeum-felshaken-graviert-quer-l13-s-dicke-4mm-400\\\/\"]}]},{\"@type\":\"ImageObject\",\"inLanguage\":\"de\",\"@id\":\"https:\\\/\\\/www.climbready.eu\\\/de\\\/produkt\\\/gedenk-jubilaeum-felshaken-graviert-quer-l13-s-dicke-4mm-400\\\/#primaryimage\",\"url\":\"https:\\\/\\\/www.climbready.eu\\\/wp-content\\\/uploads\\\/2015\\\/10\\\/395-mg-metal-klini_61-1.jpg\",\"contentUrl\":\"https:\\\/\\\/www.climbready.eu\\\/wp-content\\\/uploads\\\/2015\\\/10\\\/395-mg-metal-klini_61-1.jpg\",\"width\":1060,\"height\":1060},{\"@type\":\"BreadcrumbList\",\"@id\":\"https:\\\/\\\/www.climbready.eu\\\/de\\\/produkt\\\/gedenk-jubilaeum-felshaken-graviert-quer-l13-s-dicke-4mm-400\\\/#breadcrumb\",\"itemListElement\":[{\"@type\":\"ListItem\",\"position\":1,\"name\":\"Home\",\"item\":\"https:\\\/\\\/www.climbready.eu\\\/de\\\/\"},{\"@type\":\"ListItem\",\"position\":2,\"name\":\"Shop\",\"item\":\"https:\\\/\\\/www.climbready.eu\\\/de\\\/shop\\\/\"},{\"@type\":\"ListItem\",\"position\":3,\"name\":\"Gedenk-Jubil\u00e4um Felshaken graviert quer L13 S dicke 4mm \\\/ 400\"}]},{\"@type\":\"WebSite\",\"@id\":\"https:\\\/\\\/www.climbready.eu\\\/de\\\/#website\",\"url\":\"https:\\\/\\\/www.climbready.eu\\\/de\\\/\",\"name\":\"Climb Ready\",\"description\":\"Nepogre\u0161ljiva orodja za plezanje v plezali\u0161\u010dih ali velikih stenah\",\"publisher\":{\"@id\":\"https:\\\/\\\/www.climbready.eu\\\/de\\\/#organization\"},\"potentialAction\":[{\"@type\":\"SearchAction\",\"target\":{\"@type\":\"EntryPoint\",\"urlTemplate\":\"https:\\\/\\\/www.climbready.eu\\\/de\\\/?s={search_term_string}\"},\"query-input\":{\"@type\":\"PropertyValueSpecification\",\"valueRequired\":true,\"valueName\":\"search_term_string\"}}],\"inLanguage\":\"de\"},{\"@type\":\"Organization\",\"@id\":\"https:\\\/\\\/www.climbready.eu\\\/de\\\/#organization\",\"name\":\"Climb Ready\",\"url\":\"https:\\\/\\\/www.climbready.eu\\\/de\\\/\",\"logo\":{\"@type\":\"ImageObject\",\"inLanguage\":\"de\",\"@id\":\"https:\\\/\\\/www.climbready.eu\\\/de\\\/#\\\/schema\\\/logo\\\/image\\\/\",\"url\":\"https:\\\/\\\/www.climbready.eu\\\/wp-content\\\/uploads\\\/2021\\\/07\\\/Original1-scaled.jpg\",\"contentUrl\":\"https:\\\/\\\/www.climbready.eu\\\/wp-content\\\/uploads\\\/2021\\\/07\\\/Original1-scaled.jpg\",\"width\":2560,\"height\":2560,\"caption\":\"Climb Ready\"},\"image\":{\"@id\":\"https:\\\/\\\/www.climbready.eu\\\/de\\\/#\\\/schema\\\/logo\\\/image\\\/\"}}]}<\/script>\n<!-- \/ Yoast SEO plugin. -->","yoast_head_json":{"title":"Gedenk-Jubil\u00e4um Felshaken graviert quer L13 S dicke 4mm \/ 400 - Climb Ready","robots":{"index":"index","follow":"follow","max-snippet":"max-snippet:-1","max-image-preview":"max-image-preview:large","max-video-preview":"max-video-preview:-1"},"canonical":"https:\/\/www.climbready.eu\/de\/produkt\/gedenk-jubilaeum-felshaken-graviert-quer-l13-s-dicke-4mm-400\/","og_locale":"de_DE","og_type":"article","og_title":"Gedenk-Jubil\u00e4um Felshaken graviert quer L13 S dicke 4mm \/ 400 - Climb Ready","og_description":"Der Gedenk-Jubil\u00e4um 4mm Felshaken ist auf der Vorderseite mit einem beliebigen Text graviert. Der Felshaken ist gebrauchstauglich und ist eine Ableitung von Nr. 395. Zweck: Sichern, Standpl\u00e4tze, Vorstieg Gewicht: 88g","og_url":"https:\/\/www.climbready.eu\/de\/produkt\/gedenk-jubilaeum-felshaken-graviert-quer-l13-s-dicke-4mm-400\/","og_site_name":"Climb Ready","article_modified_time":"2022-10-03T07:53:58+00:00","og_image":[{"width":1060,"height":1060,"url":"https:\/\/www.climbready.eu\/wp-content\/uploads\/2015\/10\/395-mg-metal-klini_61-1.jpg","type":"image\/jpeg"}],"twitter_card":"summary_large_image","twitter_misc":{"Gesch\u00e4tzte Lesezeit":"2\u00a0Minuten"},"schema":{"@context":"https:\/\/schema.org","@graph":[{"@type":"WebPage","@id":"https:\/\/www.climbready.eu\/de\/produkt\/gedenk-jubilaeum-felshaken-graviert-quer-l13-s-dicke-4mm-400\/","url":"https:\/\/www.climbready.eu\/de\/produkt\/gedenk-jubilaeum-felshaken-graviert-quer-l13-s-dicke-4mm-400\/","name":"Gedenk-Jubil\u00e4um Felshaken graviert quer L13 S dicke 4mm \/ 400 - Climb Ready","isPartOf":{"@id":"https:\/\/www.climbready.eu\/de\/#website"},"primaryImageOfPage":{"@id":"https:\/\/www.climbready.eu\/de\/produkt\/gedenk-jubilaeum-felshaken-graviert-quer-l13-s-dicke-4mm-400\/#primaryimage"},"image":{"@id":"https:\/\/www.climbready.eu\/de\/produkt\/gedenk-jubilaeum-felshaken-graviert-quer-l13-s-dicke-4mm-400\/#primaryimage"},"thumbnailUrl":"https:\/\/www.climbready.eu\/wp-content\/uploads\/2015\/10\/395-mg-metal-klini_61-1.jpg","datePublished":"2022-09-20T10:28:07+00:00","dateModified":"2022-10-03T07:53:58+00:00","breadcrumb":{"@id":"https:\/\/www.climbready.eu\/de\/produkt\/gedenk-jubilaeum-felshaken-graviert-quer-l13-s-dicke-4mm-400\/#breadcrumb"},"inLanguage":"de","potentialAction":[{"@type":"ReadAction","target":["https:\/\/www.climbready.eu\/de\/produkt\/gedenk-jubilaeum-felshaken-graviert-quer-l13-s-dicke-4mm-400\/"]}]},{"@type":"ImageObject","inLanguage":"de","@id":"https:\/\/www.climbready.eu\/de\/produkt\/gedenk-jubilaeum-felshaken-graviert-quer-l13-s-dicke-4mm-400\/#primaryimage","url":"https:\/\/www.climbready.eu\/wp-content\/uploads\/2015\/10\/395-mg-metal-klini_61-1.jpg","contentUrl":"https:\/\/www.climbready.eu\/wp-content\/uploads\/2015\/10\/395-mg-metal-klini_61-1.jpg","width":1060,"height":1060},{"@type":"BreadcrumbList","@id":"https:\/\/www.climbready.eu\/de\/produkt\/gedenk-jubilaeum-felshaken-graviert-quer-l13-s-dicke-4mm-400\/#breadcrumb","itemListElement":[{"@type":"ListItem","position":1,"name":"Home","item":"https:\/\/www.climbready.eu\/de\/"},{"@type":"ListItem","position":2,"name":"Shop","item":"https:\/\/www.climbready.eu\/de\/shop\/"},{"@type":"ListItem","position":3,"name":"Gedenk-Jubil\u00e4um Felshaken graviert quer L13 S dicke 4mm \/ 400"}]},{"@type":"WebSite","@id":"https:\/\/www.climbready.eu\/de\/#website","url":"https:\/\/www.climbready.eu\/de\/","name":"Climb Ready","description":"Nepogre\u0161ljiva orodja za plezanje v plezali\u0161\u010dih ali velikih stenah","publisher":{"@id":"https:\/\/www.climbready.eu\/de\/#organization"},"potentialAction":[{"@type":"SearchAction","target":{"@type":"EntryPoint","urlTemplate":"https:\/\/www.climbready.eu\/de\/?s={search_term_string}"},"query-input":{"@type":"PropertyValueSpecification","valueRequired":true,"valueName":"search_term_string"}}],"inLanguage":"de"},{"@type":"Organization","@id":"https:\/\/www.climbready.eu\/de\/#organization","name":"Climb Ready","url":"https:\/\/www.climbready.eu\/de\/","logo":{"@type":"ImageObject","inLanguage":"de","@id":"https:\/\/www.climbready.eu\/de\/#\/schema\/logo\/image\/","url":"https:\/\/www.climbready.eu\/wp-content\/uploads\/2021\/07\/Original1-scaled.jpg","contentUrl":"https:\/\/www.climbready.eu\/wp-content\/uploads\/2021\/07\/Original1-scaled.jpg","width":2560,"height":2560,"caption":"Climb Ready"},"image":{"@id":"https:\/\/www.climbready.eu\/de\/#\/schema\/logo\/image\/"}}]}},"_links":{"self":[{"href":"https:\/\/www.climbready.eu\/de\/wp-json\/wp\/v2\/product\/6164","targetHints":{"allow":["GET"]}}],"collection":[{"href":"https:\/\/www.climbready.eu\/de\/wp-json\/wp\/v2\/product"}],"about":[{"href":"https:\/\/www.climbready.eu\/de\/wp-json\/wp\/v2\/types\/product"}],"replies":[{"embeddable":true,"href":"https:\/\/www.climbready.eu\/de\/wp-json\/wp\/v2\/comments?post=6164"}],"version-history":[{"count":1,"href":"https:\/\/www.climbready.eu\/de\/wp-json\/wp\/v2\/product\/6164\/revisions"}],"predecessor-version":[{"id":6166,"href":"https:\/\/www.climbready.eu\/de\/wp-json\/wp\/v2\/product\/6164\/revisions\/6166"}],"wp:featuredmedia":[{"embeddable":true,"href":"https:\/\/www.climbready.eu\/de\/wp-json\/wp\/v2\/media\/5794"}],"wp:attachment":[{"href":"https:\/\/www.climbready.eu\/de\/wp-json\/wp\/v2\/media?parent=6164"}],"wp:term":[{"taxonomy":"product_brand","embeddable":true,"href":"https:\/\/www.climbready.eu\/de\/wp-json\/wp\/v2\/product_brand?post=6164"},{"taxonomy":"product_cat","embeddable":true,"href":"https:\/\/www.climbready.eu\/de\/wp-json\/wp\/v2\/product_cat?post=6164"},{"taxonomy":"product_tag","embeddable":true,"href":"https:\/\/www.climbready.eu\/de\/wp-json\/wp\/v2\/product_tag?post=6164"}],"curies":[{"name":"wp","href":"https:\/\/api.w.org\/{rel}","templated":true}]}}