
{"id":6093,"date":"2021-06-18T09:14:32","date_gmt":"2021-06-18T07:14:32","guid":{"rendered":"http:\/\/climbready.eu\/izdelek\/klin-precni-specialcek-l-9\/"},"modified":"2022-09-19T10:44:44","modified_gmt":"2022-09-19T08:44:44","slug":"felshaken-quer-spezial-l9","status":"publish","type":"product","link":"https:\/\/www.climbready.eu\/de\/produkt\/felshaken-quer-spezial-l9\/","title":{"rendered":"Felshaken quer Spezial L9 \/ 373"},"content":{"rendered":"<p>Der Felshaken ist 3mm dick, geschmiedet und verg\u00fctet. Gefertigt aus Kohlenstoffstahl und nach den Standards EN795 und EN959 und nach der CE Norm.<\/p>\n<p>Dieser kleiner und d\u00fcnner Felshaken ist f\u00fcr technischen Klettern gedacht. Er ist gr\u00fcn gef\u00e4rbt.<\/p>\n<p>Anwendung: Vorstieg &#8211; Techno-Haken<\/p>\n<p>Gewicht: 35g<\/p>\n<div class=\"cr-specs\">\n<div class=\"text\">EN795<\/div>\n<div class=\"text\">EN959<\/div>\n<div class=\"image\"><img decoding=\"async\" class=\"\" src=\"http:\/\/climbready.eu\/wp-content\/uploads\/2022\/07\/CR-icon-ce-min-2-e1658462864120.png\" alt=\"Felshaken quer Spezial L9 \/ 373\" height=\"30\" \/><\/div>\n<\/div>\n<p><!-- \/\/ END cr-specs --><\/p>\n","protected":false},"excerpt":{"rendered":"<p>Der Felshaken ist 3mm dick, geschmiedet und verg\u00fctet. Er ist f\u00fcr technischen Klettern gedacht.<\/p>\n<p>Anwendung: Vorstieg &#8211; Techno-Haken<\/p>\n<p>Gewicht: 35g<\/p>\n","protected":false},"featured_media":5838,"comment_status":"closed","ping_status":"closed","template":"","meta":{"iawp_total_views":33},"product_brand":[],"product_cat":[289,290],"product_tag":[],"class_list":{"0":"post-6093","1":"product","2":"type-product","3":"status-publish","4":"has-post-thumbnail","6":"product_cat-ausruestung-alpinklettern","7":"product_cat-felshaken","9":"first","10":"instock","11":"taxable","12":"shipping-taxable","13":"purchasable","14":"product-type-simple"},"yoast_head":"<!-- This site is optimized with the Yoast SEO plugin v27.4 - https:\/\/yoast.com\/product\/yoast-seo-wordpress\/ -->\n<title>Felshaken quer Spezial L9 \/ 373 - Climb Ready<\/title>\n<meta name=\"robots\" content=\"index, follow, max-snippet:-1, max-image-preview:large, max-video-preview:-1\" \/>\n<link rel=\"canonical\" href=\"https:\/\/www.climbready.eu\/de\/produkt\/felshaken-quer-spezial-l9\/\" \/>\n<meta property=\"og:locale\" content=\"de_DE\" \/>\n<meta property=\"og:type\" content=\"article\" \/>\n<meta property=\"og:title\" content=\"Felshaken quer Spezial L9 \/ 373 - Climb Ready\" \/>\n<meta property=\"og:description\" content=\"Der Felshaken ist 3mm dick, geschmiedet und verg\u00fctet. Er ist f\u00fcr technischen Klettern gedacht. Anwendung: Vorstieg - Techno-Haken Gewicht: 35g\" \/>\n<meta property=\"og:url\" content=\"https:\/\/www.climbready.eu\/de\/produkt\/felshaken-quer-spezial-l9\/\" \/>\n<meta property=\"og:site_name\" content=\"Climb Ready\" \/>\n<meta property=\"article:modified_time\" content=\"2022-09-19T08:44:44+00:00\" \/>\n<meta property=\"og:image\" content=\"https:\/\/www.climbready.eu\/wp-content\/uploads\/2021\/06\/373-mg-metal-klini_31-1050.jpg\" \/>\n\t<meta property=\"og:image:width\" content=\"1050\" \/>\n\t<meta property=\"og:image:height\" content=\"1050\" \/>\n\t<meta property=\"og:image:type\" content=\"image\/jpeg\" \/>\n<meta name=\"twitter:card\" content=\"summary_large_image\" \/>\n<meta name=\"twitter:label1\" content=\"Gesch\u00e4tzte Lesezeit\" \/>\n\t<meta name=\"twitter:data1\" content=\"1\u00a0Minute\" \/>\n<script type=\"application\/ld+json\" class=\"yoast-schema-graph\">{\"@context\":\"https:\\\/\\\/schema.org\",\"@graph\":[{\"@type\":\"WebPage\",\"@id\":\"https:\\\/\\\/www.climbready.eu\\\/de\\\/produkt\\\/felshaken-quer-spezial-l9\\\/\",\"url\":\"https:\\\/\\\/www.climbready.eu\\\/de\\\/produkt\\\/felshaken-quer-spezial-l9\\\/\",\"name\":\"Felshaken quer Spezial L9 \\\/ 373 - Climb Ready\",\"isPartOf\":{\"@id\":\"https:\\\/\\\/www.climbready.eu\\\/de\\\/#website\"},\"primaryImageOfPage\":{\"@id\":\"https:\\\/\\\/www.climbready.eu\\\/de\\\/produkt\\\/felshaken-quer-spezial-l9\\\/#primaryimage\"},\"image\":{\"@id\":\"https:\\\/\\\/www.climbready.eu\\\/de\\\/produkt\\\/felshaken-quer-spezial-l9\\\/#primaryimage\"},\"thumbnailUrl\":\"https:\\\/\\\/www.climbready.eu\\\/wp-content\\\/uploads\\\/2021\\\/06\\\/373-mg-metal-klini_31-1050.jpg\",\"datePublished\":\"2021-06-18T07:14:32+00:00\",\"dateModified\":\"2022-09-19T08:44:44+00:00\",\"breadcrumb\":{\"@id\":\"https:\\\/\\\/www.climbready.eu\\\/de\\\/produkt\\\/felshaken-quer-spezial-l9\\\/#breadcrumb\"},\"inLanguage\":\"de\",\"potentialAction\":[{\"@type\":\"ReadAction\",\"target\":[\"https:\\\/\\\/www.climbready.eu\\\/de\\\/produkt\\\/felshaken-quer-spezial-l9\\\/\"]}]},{\"@type\":\"ImageObject\",\"inLanguage\":\"de\",\"@id\":\"https:\\\/\\\/www.climbready.eu\\\/de\\\/produkt\\\/felshaken-quer-spezial-l9\\\/#primaryimage\",\"url\":\"https:\\\/\\\/www.climbready.eu\\\/wp-content\\\/uploads\\\/2021\\\/06\\\/373-mg-metal-klini_31-1050.jpg\",\"contentUrl\":\"https:\\\/\\\/www.climbready.eu\\\/wp-content\\\/uploads\\\/2021\\\/06\\\/373-mg-metal-klini_31-1050.jpg\",\"width\":1050,\"height\":1050},{\"@type\":\"BreadcrumbList\",\"@id\":\"https:\\\/\\\/www.climbready.eu\\\/de\\\/produkt\\\/felshaken-quer-spezial-l9\\\/#breadcrumb\",\"itemListElement\":[{\"@type\":\"ListItem\",\"position\":1,\"name\":\"Home\",\"item\":\"https:\\\/\\\/www.climbready.eu\\\/de\\\/\"},{\"@type\":\"ListItem\",\"position\":2,\"name\":\"Shop\",\"item\":\"https:\\\/\\\/www.climbready.eu\\\/de\\\/shop\\\/\"},{\"@type\":\"ListItem\",\"position\":3,\"name\":\"Felshaken quer Spezial L9 \\\/ 373\"}]},{\"@type\":\"WebSite\",\"@id\":\"https:\\\/\\\/www.climbready.eu\\\/de\\\/#website\",\"url\":\"https:\\\/\\\/www.climbready.eu\\\/de\\\/\",\"name\":\"Climb Ready\",\"description\":\"Nepogre\u0161ljiva orodja za plezanje v plezali\u0161\u010dih ali velikih stenah\",\"publisher\":{\"@id\":\"https:\\\/\\\/www.climbready.eu\\\/de\\\/#organization\"},\"potentialAction\":[{\"@type\":\"SearchAction\",\"target\":{\"@type\":\"EntryPoint\",\"urlTemplate\":\"https:\\\/\\\/www.climbready.eu\\\/de\\\/?s={search_term_string}\"},\"query-input\":{\"@type\":\"PropertyValueSpecification\",\"valueRequired\":true,\"valueName\":\"search_term_string\"}}],\"inLanguage\":\"de\"},{\"@type\":\"Organization\",\"@id\":\"https:\\\/\\\/www.climbready.eu\\\/de\\\/#organization\",\"name\":\"Climb Ready\",\"url\":\"https:\\\/\\\/www.climbready.eu\\\/de\\\/\",\"logo\":{\"@type\":\"ImageObject\",\"inLanguage\":\"de\",\"@id\":\"https:\\\/\\\/www.climbready.eu\\\/de\\\/#\\\/schema\\\/logo\\\/image\\\/\",\"url\":\"https:\\\/\\\/www.climbready.eu\\\/wp-content\\\/uploads\\\/2021\\\/07\\\/Original1-scaled.jpg\",\"contentUrl\":\"https:\\\/\\\/www.climbready.eu\\\/wp-content\\\/uploads\\\/2021\\\/07\\\/Original1-scaled.jpg\",\"width\":2560,\"height\":2560,\"caption\":\"Climb Ready\"},\"image\":{\"@id\":\"https:\\\/\\\/www.climbready.eu\\\/de\\\/#\\\/schema\\\/logo\\\/image\\\/\"}}]}<\/script>\n<!-- \/ Yoast SEO plugin. -->","yoast_head_json":{"title":"Felshaken quer Spezial L9 \/ 373 - Climb Ready","robots":{"index":"index","follow":"follow","max-snippet":"max-snippet:-1","max-image-preview":"max-image-preview:large","max-video-preview":"max-video-preview:-1"},"canonical":"https:\/\/www.climbready.eu\/de\/produkt\/felshaken-quer-spezial-l9\/","og_locale":"de_DE","og_type":"article","og_title":"Felshaken quer Spezial L9 \/ 373 - Climb Ready","og_description":"Der Felshaken ist 3mm dick, geschmiedet und verg\u00fctet. Er ist f\u00fcr technischen Klettern gedacht. Anwendung: Vorstieg - Techno-Haken Gewicht: 35g","og_url":"https:\/\/www.climbready.eu\/de\/produkt\/felshaken-quer-spezial-l9\/","og_site_name":"Climb Ready","article_modified_time":"2022-09-19T08:44:44+00:00","og_image":[{"width":1050,"height":1050,"url":"https:\/\/www.climbready.eu\/wp-content\/uploads\/2021\/06\/373-mg-metal-klini_31-1050.jpg","type":"image\/jpeg"}],"twitter_card":"summary_large_image","twitter_misc":{"Gesch\u00e4tzte Lesezeit":"1\u00a0Minute"},"schema":{"@context":"https:\/\/schema.org","@graph":[{"@type":"WebPage","@id":"https:\/\/www.climbready.eu\/de\/produkt\/felshaken-quer-spezial-l9\/","url":"https:\/\/www.climbready.eu\/de\/produkt\/felshaken-quer-spezial-l9\/","name":"Felshaken quer Spezial L9 \/ 373 - Climb Ready","isPartOf":{"@id":"https:\/\/www.climbready.eu\/de\/#website"},"primaryImageOfPage":{"@id":"https:\/\/www.climbready.eu\/de\/produkt\/felshaken-quer-spezial-l9\/#primaryimage"},"image":{"@id":"https:\/\/www.climbready.eu\/de\/produkt\/felshaken-quer-spezial-l9\/#primaryimage"},"thumbnailUrl":"https:\/\/www.climbready.eu\/wp-content\/uploads\/2021\/06\/373-mg-metal-klini_31-1050.jpg","datePublished":"2021-06-18T07:14:32+00:00","dateModified":"2022-09-19T08:44:44+00:00","breadcrumb":{"@id":"https:\/\/www.climbready.eu\/de\/produkt\/felshaken-quer-spezial-l9\/#breadcrumb"},"inLanguage":"de","potentialAction":[{"@type":"ReadAction","target":["https:\/\/www.climbready.eu\/de\/produkt\/felshaken-quer-spezial-l9\/"]}]},{"@type":"ImageObject","inLanguage":"de","@id":"https:\/\/www.climbready.eu\/de\/produkt\/felshaken-quer-spezial-l9\/#primaryimage","url":"https:\/\/www.climbready.eu\/wp-content\/uploads\/2021\/06\/373-mg-metal-klini_31-1050.jpg","contentUrl":"https:\/\/www.climbready.eu\/wp-content\/uploads\/2021\/06\/373-mg-metal-klini_31-1050.jpg","width":1050,"height":1050},{"@type":"BreadcrumbList","@id":"https:\/\/www.climbready.eu\/de\/produkt\/felshaken-quer-spezial-l9\/#breadcrumb","itemListElement":[{"@type":"ListItem","position":1,"name":"Home","item":"https:\/\/www.climbready.eu\/de\/"},{"@type":"ListItem","position":2,"name":"Shop","item":"https:\/\/www.climbready.eu\/de\/shop\/"},{"@type":"ListItem","position":3,"name":"Felshaken quer Spezial L9 \/ 373"}]},{"@type":"WebSite","@id":"https:\/\/www.climbready.eu\/de\/#website","url":"https:\/\/www.climbready.eu\/de\/","name":"Climb Ready","description":"Nepogre\u0161ljiva orodja za plezanje v plezali\u0161\u010dih ali velikih stenah","publisher":{"@id":"https:\/\/www.climbready.eu\/de\/#organization"},"potentialAction":[{"@type":"SearchAction","target":{"@type":"EntryPoint","urlTemplate":"https:\/\/www.climbready.eu\/de\/?s={search_term_string}"},"query-input":{"@type":"PropertyValueSpecification","valueRequired":true,"valueName":"search_term_string"}}],"inLanguage":"de"},{"@type":"Organization","@id":"https:\/\/www.climbready.eu\/de\/#organization","name":"Climb Ready","url":"https:\/\/www.climbready.eu\/de\/","logo":{"@type":"ImageObject","inLanguage":"de","@id":"https:\/\/www.climbready.eu\/de\/#\/schema\/logo\/image\/","url":"https:\/\/www.climbready.eu\/wp-content\/uploads\/2021\/07\/Original1-scaled.jpg","contentUrl":"https:\/\/www.climbready.eu\/wp-content\/uploads\/2021\/07\/Original1-scaled.jpg","width":2560,"height":2560,"caption":"Climb Ready"},"image":{"@id":"https:\/\/www.climbready.eu\/de\/#\/schema\/logo\/image\/"}}]}},"_links":{"self":[{"href":"https:\/\/www.climbready.eu\/de\/wp-json\/wp\/v2\/product\/6093","targetHints":{"allow":["GET"]}}],"collection":[{"href":"https:\/\/www.climbready.eu\/de\/wp-json\/wp\/v2\/product"}],"about":[{"href":"https:\/\/www.climbready.eu\/de\/wp-json\/wp\/v2\/types\/product"}],"replies":[{"embeddable":true,"href":"https:\/\/www.climbready.eu\/de\/wp-json\/wp\/v2\/comments?post=6093"}],"version-history":[{"count":2,"href":"https:\/\/www.climbready.eu\/de\/wp-json\/wp\/v2\/product\/6093\/revisions"}],"predecessor-version":[{"id":6097,"href":"https:\/\/www.climbready.eu\/de\/wp-json\/wp\/v2\/product\/6093\/revisions\/6097"}],"wp:featuredmedia":[{"embeddable":true,"href":"https:\/\/www.climbready.eu\/de\/wp-json\/wp\/v2\/media\/5838"}],"wp:attachment":[{"href":"https:\/\/www.climbready.eu\/de\/wp-json\/wp\/v2\/media?parent=6093"}],"wp:term":[{"taxonomy":"product_brand","embeddable":true,"href":"https:\/\/www.climbready.eu\/de\/wp-json\/wp\/v2\/product_brand?post=6093"},{"taxonomy":"product_cat","embeddable":true,"href":"https:\/\/www.climbready.eu\/de\/wp-json\/wp\/v2\/product_cat?post=6093"},{"taxonomy":"product_tag","embeddable":true,"href":"https:\/\/www.climbready.eu\/de\/wp-json\/wp\/v2\/product_tag?post=6093"}],"curies":[{"name":"wp","href":"https:\/\/api.w.org\/{rel}","templated":true}]}}