
{"id":6074,"date":"2021-06-18T09:27:03","date_gmt":"2021-06-18T07:27:03","guid":{"rendered":"http:\/\/climbready.eu\/izdelek\/sidro-zatezno-m10x90-mm-inox-a4\/"},"modified":"2022-09-14T10:26:42","modified_gmt":"2022-09-14T08:26:42","slug":"bohrhaken-m10x90mm-inox-a4","status":"publish","type":"product","link":"https:\/\/www.climbready.eu\/de\/produkt\/bohrhaken-m10x90mm-inox-a4\/","title":{"rendered":"Bohrhaken M10x90mm INOX A4 \/ 389"},"content":{"rendered":"<p>Der Bohrhaken ist gesenkgeschmiedet und hat gerollte Gewinde. Dadurch hat ausserordentliche mechanische Eigenschaften in Bezug auf die Tragbarkeit und die Widerstandsf\u00e4higkeit.<\/p>\n<p>Er ist aus dem nichtrostenden A4-316 Stahl hergestellt und hat TSA Form, Gewinde M10mm und D\u00fcbell\u00e4nge 70mm. Der Bohrhaken ist mit der Mutter und der Beilagscheibe lieferbar.<\/p>\n<p>Anwendung: Befestigung der Bohrhakenlasche und Zwischensicherungsplatten in Naturklettergebieten<\/p>\n<p>Gewicht: 59g<\/p>\n","protected":false},"excerpt":{"rendered":"<p>Der Bohrhaken ist gesenkgeschmiedet und hat gerollte Gewinde. Dadurch hat ausserordentliche mechanische Eigenschaften in Bezug auf die Tragbarkeit und die Widerstandsf\u00e4higkeit.<\/p>\n<p>Anwendung: Befestigung der Bohrhakenlasche und Zwischensicherungsplatten in Naturklettergebieten<\/p>\n<p>Gewicht: 59g<\/p>\n","protected":false},"featured_media":5820,"comment_status":"closed","ping_status":"closed","template":"","meta":{"iawp_total_views":15},"product_brand":[],"product_cat":[291,289],"product_tag":[],"class_list":{"0":"post-6074","1":"product","2":"type-product","3":"status-publish","4":"has-post-thumbnail","6":"product_cat-anschlagmittel-befestigung","7":"product_cat-ausruestung-alpinklettern","9":"first","10":"instock","11":"taxable","12":"shipping-taxable","13":"purchasable","14":"product-type-simple"},"yoast_head":"<!-- This site is optimized with the Yoast SEO plugin v27.4 - https:\/\/yoast.com\/product\/yoast-seo-wordpress\/ -->\n<title>Bohrhaken M10x90mm INOX A4 \/ 389 - Climb Ready<\/title>\n<meta name=\"robots\" content=\"index, follow, max-snippet:-1, max-image-preview:large, max-video-preview:-1\" \/>\n<link rel=\"canonical\" href=\"https:\/\/www.climbready.eu\/de\/produkt\/bohrhaken-m10x90mm-inox-a4\/\" \/>\n<meta property=\"og:locale\" content=\"de_DE\" \/>\n<meta property=\"og:type\" content=\"article\" \/>\n<meta property=\"og:title\" content=\"Bohrhaken M10x90mm INOX A4 \/ 389 - Climb Ready\" \/>\n<meta property=\"og:description\" content=\"Der Bohrhaken ist gesenkgeschmiedet und hat gerollte Gewinde. Dadurch hat ausserordentliche mechanische Eigenschaften in Bezug auf die Tragbarkeit und die Widerstandsf\u00e4higkeit. Anwendung: Befestigung der Bohrhakenlasche und Zwischensicherungsplatten in Naturklettergebieten Gewicht: 59g\" \/>\n<meta property=\"og:url\" content=\"https:\/\/www.climbready.eu\/de\/produkt\/bohrhaken-m10x90mm-inox-a4\/\" \/>\n<meta property=\"og:site_name\" content=\"Climb Ready\" \/>\n<meta property=\"article:modified_time\" content=\"2022-09-14T08:26:42+00:00\" \/>\n<meta property=\"og:image\" content=\"https:\/\/www.climbready.eu\/wp-content\/uploads\/2021\/06\/389-mg-metal-klini_02-1.jpg\" \/>\n\t<meta property=\"og:image:width\" content=\"1000\" \/>\n\t<meta property=\"og:image:height\" content=\"1000\" \/>\n\t<meta property=\"og:image:type\" content=\"image\/jpeg\" \/>\n<meta name=\"twitter:card\" content=\"summary_large_image\" \/>\n<meta name=\"twitter:label1\" content=\"Gesch\u00e4tzte Lesezeit\" \/>\n\t<meta name=\"twitter:data1\" content=\"1\u00a0Minute\" \/>\n<script type=\"application\/ld+json\" class=\"yoast-schema-graph\">{\"@context\":\"https:\\\/\\\/schema.org\",\"@graph\":[{\"@type\":\"WebPage\",\"@id\":\"https:\\\/\\\/www.climbready.eu\\\/de\\\/produkt\\\/bohrhaken-m10x90mm-inox-a4\\\/\",\"url\":\"https:\\\/\\\/www.climbready.eu\\\/de\\\/produkt\\\/bohrhaken-m10x90mm-inox-a4\\\/\",\"name\":\"Bohrhaken M10x90mm INOX A4 \\\/ 389 - Climb Ready\",\"isPartOf\":{\"@id\":\"https:\\\/\\\/www.climbready.eu\\\/de\\\/#website\"},\"primaryImageOfPage\":{\"@id\":\"https:\\\/\\\/www.climbready.eu\\\/de\\\/produkt\\\/bohrhaken-m10x90mm-inox-a4\\\/#primaryimage\"},\"image\":{\"@id\":\"https:\\\/\\\/www.climbready.eu\\\/de\\\/produkt\\\/bohrhaken-m10x90mm-inox-a4\\\/#primaryimage\"},\"thumbnailUrl\":\"https:\\\/\\\/www.climbready.eu\\\/wp-content\\\/uploads\\\/2021\\\/06\\\/389-mg-metal-klini_02-1.jpg\",\"datePublished\":\"2021-06-18T07:27:03+00:00\",\"dateModified\":\"2022-09-14T08:26:42+00:00\",\"breadcrumb\":{\"@id\":\"https:\\\/\\\/www.climbready.eu\\\/de\\\/produkt\\\/bohrhaken-m10x90mm-inox-a4\\\/#breadcrumb\"},\"inLanguage\":\"de\",\"potentialAction\":[{\"@type\":\"ReadAction\",\"target\":[\"https:\\\/\\\/www.climbready.eu\\\/de\\\/produkt\\\/bohrhaken-m10x90mm-inox-a4\\\/\"]}]},{\"@type\":\"ImageObject\",\"inLanguage\":\"de\",\"@id\":\"https:\\\/\\\/www.climbready.eu\\\/de\\\/produkt\\\/bohrhaken-m10x90mm-inox-a4\\\/#primaryimage\",\"url\":\"https:\\\/\\\/www.climbready.eu\\\/wp-content\\\/uploads\\\/2021\\\/06\\\/389-mg-metal-klini_02-1.jpg\",\"contentUrl\":\"https:\\\/\\\/www.climbready.eu\\\/wp-content\\\/uploads\\\/2021\\\/06\\\/389-mg-metal-klini_02-1.jpg\",\"width\":1000,\"height\":1000},{\"@type\":\"BreadcrumbList\",\"@id\":\"https:\\\/\\\/www.climbready.eu\\\/de\\\/produkt\\\/bohrhaken-m10x90mm-inox-a4\\\/#breadcrumb\",\"itemListElement\":[{\"@type\":\"ListItem\",\"position\":1,\"name\":\"Home\",\"item\":\"https:\\\/\\\/www.climbready.eu\\\/de\\\/\"},{\"@type\":\"ListItem\",\"position\":2,\"name\":\"Shop\",\"item\":\"https:\\\/\\\/www.climbready.eu\\\/de\\\/shop\\\/\"},{\"@type\":\"ListItem\",\"position\":3,\"name\":\"Bohrhaken M10x90mm INOX A4 \\\/ 389\"}]},{\"@type\":\"WebSite\",\"@id\":\"https:\\\/\\\/www.climbready.eu\\\/de\\\/#website\",\"url\":\"https:\\\/\\\/www.climbready.eu\\\/de\\\/\",\"name\":\"Climb Ready\",\"description\":\"Nepogre\u0161ljiva orodja za plezanje v plezali\u0161\u010dih ali velikih stenah\",\"publisher\":{\"@id\":\"https:\\\/\\\/www.climbready.eu\\\/de\\\/#organization\"},\"potentialAction\":[{\"@type\":\"SearchAction\",\"target\":{\"@type\":\"EntryPoint\",\"urlTemplate\":\"https:\\\/\\\/www.climbready.eu\\\/de\\\/?s={search_term_string}\"},\"query-input\":{\"@type\":\"PropertyValueSpecification\",\"valueRequired\":true,\"valueName\":\"search_term_string\"}}],\"inLanguage\":\"de\"},{\"@type\":\"Organization\",\"@id\":\"https:\\\/\\\/www.climbready.eu\\\/de\\\/#organization\",\"name\":\"Climb Ready\",\"url\":\"https:\\\/\\\/www.climbready.eu\\\/de\\\/\",\"logo\":{\"@type\":\"ImageObject\",\"inLanguage\":\"de\",\"@id\":\"https:\\\/\\\/www.climbready.eu\\\/de\\\/#\\\/schema\\\/logo\\\/image\\\/\",\"url\":\"https:\\\/\\\/www.climbready.eu\\\/wp-content\\\/uploads\\\/2021\\\/07\\\/Original1-scaled.jpg\",\"contentUrl\":\"https:\\\/\\\/www.climbready.eu\\\/wp-content\\\/uploads\\\/2021\\\/07\\\/Original1-scaled.jpg\",\"width\":2560,\"height\":2560,\"caption\":\"Climb Ready\"},\"image\":{\"@id\":\"https:\\\/\\\/www.climbready.eu\\\/de\\\/#\\\/schema\\\/logo\\\/image\\\/\"}}]}<\/script>\n<!-- \/ Yoast SEO plugin. -->","yoast_head_json":{"title":"Bohrhaken M10x90mm INOX A4 \/ 389 - Climb Ready","robots":{"index":"index","follow":"follow","max-snippet":"max-snippet:-1","max-image-preview":"max-image-preview:large","max-video-preview":"max-video-preview:-1"},"canonical":"https:\/\/www.climbready.eu\/de\/produkt\/bohrhaken-m10x90mm-inox-a4\/","og_locale":"de_DE","og_type":"article","og_title":"Bohrhaken M10x90mm INOX A4 \/ 389 - Climb Ready","og_description":"Der Bohrhaken ist gesenkgeschmiedet und hat gerollte Gewinde. Dadurch hat ausserordentliche mechanische Eigenschaften in Bezug auf die Tragbarkeit und die Widerstandsf\u00e4higkeit. Anwendung: Befestigung der Bohrhakenlasche und Zwischensicherungsplatten in Naturklettergebieten Gewicht: 59g","og_url":"https:\/\/www.climbready.eu\/de\/produkt\/bohrhaken-m10x90mm-inox-a4\/","og_site_name":"Climb Ready","article_modified_time":"2022-09-14T08:26:42+00:00","og_image":[{"width":1000,"height":1000,"url":"https:\/\/www.climbready.eu\/wp-content\/uploads\/2021\/06\/389-mg-metal-klini_02-1.jpg","type":"image\/jpeg"}],"twitter_card":"summary_large_image","twitter_misc":{"Gesch\u00e4tzte Lesezeit":"1\u00a0Minute"},"schema":{"@context":"https:\/\/schema.org","@graph":[{"@type":"WebPage","@id":"https:\/\/www.climbready.eu\/de\/produkt\/bohrhaken-m10x90mm-inox-a4\/","url":"https:\/\/www.climbready.eu\/de\/produkt\/bohrhaken-m10x90mm-inox-a4\/","name":"Bohrhaken M10x90mm INOX A4 \/ 389 - Climb Ready","isPartOf":{"@id":"https:\/\/www.climbready.eu\/de\/#website"},"primaryImageOfPage":{"@id":"https:\/\/www.climbready.eu\/de\/produkt\/bohrhaken-m10x90mm-inox-a4\/#primaryimage"},"image":{"@id":"https:\/\/www.climbready.eu\/de\/produkt\/bohrhaken-m10x90mm-inox-a4\/#primaryimage"},"thumbnailUrl":"https:\/\/www.climbready.eu\/wp-content\/uploads\/2021\/06\/389-mg-metal-klini_02-1.jpg","datePublished":"2021-06-18T07:27:03+00:00","dateModified":"2022-09-14T08:26:42+00:00","breadcrumb":{"@id":"https:\/\/www.climbready.eu\/de\/produkt\/bohrhaken-m10x90mm-inox-a4\/#breadcrumb"},"inLanguage":"de","potentialAction":[{"@type":"ReadAction","target":["https:\/\/www.climbready.eu\/de\/produkt\/bohrhaken-m10x90mm-inox-a4\/"]}]},{"@type":"ImageObject","inLanguage":"de","@id":"https:\/\/www.climbready.eu\/de\/produkt\/bohrhaken-m10x90mm-inox-a4\/#primaryimage","url":"https:\/\/www.climbready.eu\/wp-content\/uploads\/2021\/06\/389-mg-metal-klini_02-1.jpg","contentUrl":"https:\/\/www.climbready.eu\/wp-content\/uploads\/2021\/06\/389-mg-metal-klini_02-1.jpg","width":1000,"height":1000},{"@type":"BreadcrumbList","@id":"https:\/\/www.climbready.eu\/de\/produkt\/bohrhaken-m10x90mm-inox-a4\/#breadcrumb","itemListElement":[{"@type":"ListItem","position":1,"name":"Home","item":"https:\/\/www.climbready.eu\/de\/"},{"@type":"ListItem","position":2,"name":"Shop","item":"https:\/\/www.climbready.eu\/de\/shop\/"},{"@type":"ListItem","position":3,"name":"Bohrhaken M10x90mm INOX A4 \/ 389"}]},{"@type":"WebSite","@id":"https:\/\/www.climbready.eu\/de\/#website","url":"https:\/\/www.climbready.eu\/de\/","name":"Climb Ready","description":"Nepogre\u0161ljiva orodja za plezanje v plezali\u0161\u010dih ali velikih stenah","publisher":{"@id":"https:\/\/www.climbready.eu\/de\/#organization"},"potentialAction":[{"@type":"SearchAction","target":{"@type":"EntryPoint","urlTemplate":"https:\/\/www.climbready.eu\/de\/?s={search_term_string}"},"query-input":{"@type":"PropertyValueSpecification","valueRequired":true,"valueName":"search_term_string"}}],"inLanguage":"de"},{"@type":"Organization","@id":"https:\/\/www.climbready.eu\/de\/#organization","name":"Climb Ready","url":"https:\/\/www.climbready.eu\/de\/","logo":{"@type":"ImageObject","inLanguage":"de","@id":"https:\/\/www.climbready.eu\/de\/#\/schema\/logo\/image\/","url":"https:\/\/www.climbready.eu\/wp-content\/uploads\/2021\/07\/Original1-scaled.jpg","contentUrl":"https:\/\/www.climbready.eu\/wp-content\/uploads\/2021\/07\/Original1-scaled.jpg","width":2560,"height":2560,"caption":"Climb Ready"},"image":{"@id":"https:\/\/www.climbready.eu\/de\/#\/schema\/logo\/image\/"}}]}},"_links":{"self":[{"href":"https:\/\/www.climbready.eu\/de\/wp-json\/wp\/v2\/product\/6074","targetHints":{"allow":["GET"]}}],"collection":[{"href":"https:\/\/www.climbready.eu\/de\/wp-json\/wp\/v2\/product"}],"about":[{"href":"https:\/\/www.climbready.eu\/de\/wp-json\/wp\/v2\/types\/product"}],"replies":[{"embeddable":true,"href":"https:\/\/www.climbready.eu\/de\/wp-json\/wp\/v2\/comments?post=6074"}],"version-history":[{"count":2,"href":"https:\/\/www.climbready.eu\/de\/wp-json\/wp\/v2\/product\/6074\/revisions"}],"predecessor-version":[{"id":6078,"href":"https:\/\/www.climbready.eu\/de\/wp-json\/wp\/v2\/product\/6074\/revisions\/6078"}],"wp:featuredmedia":[{"embeddable":true,"href":"https:\/\/www.climbready.eu\/de\/wp-json\/wp\/v2\/media\/5820"}],"wp:attachment":[{"href":"https:\/\/www.climbready.eu\/de\/wp-json\/wp\/v2\/media?parent=6074"}],"wp:term":[{"taxonomy":"product_brand","embeddable":true,"href":"https:\/\/www.climbready.eu\/de\/wp-json\/wp\/v2\/product_brand?post=6074"},{"taxonomy":"product_cat","embeddable":true,"href":"https:\/\/www.climbready.eu\/de\/wp-json\/wp\/v2\/product_cat?post=6074"},{"taxonomy":"product_tag","embeddable":true,"href":"https:\/\/www.climbready.eu\/de\/wp-json\/wp\/v2\/product_tag?post=6074"}],"curies":[{"name":"wp","href":"https:\/\/api.w.org\/{rel}","templated":true}]}}