
{"id":6032,"date":"2015-10-30T17:14:36","date_gmt":"2015-10-30T16:14:36","guid":{"rendered":"http:\/\/climbready.eu\/izdelek\/ploscica-sidriscna-z-rinko\/"},"modified":"2022-09-12T18:06:52","modified_gmt":"2022-09-12T16:06:52","slug":"bohrhakenlasche-inox-mit-ring","status":"publish","type":"product","link":"https:\/\/www.climbready.eu\/de\/produkt\/bohrhakenlasche-inox-mit-ring\/","title":{"rendered":"Bohrhakenlasche INOX mit Ring \/ 382"},"content":{"rendered":"<p>Gefertigt aus nichtrostendem INOX A4 Stahl.<\/p>\n<p>Sie wurde konzipiert um einen Befestigungspunkt zu benutzen und ist perfekt f\u00fcr Abseilpisten und Standpl\u00e4tze. Das Seil l\u00e4sst sich perfekt durch den Ring durchziehen und kann sich nicht am Felsen reiben.<\/p>\n<p>Getestet vom Institut f\u00fcr Metallkonstruktionen (In\u0161titut z metalne konstrukcije, Ljubljana) in Ljubljana, Slowenien, und hergestellt nach den Standards EN795 und EN959 und nach der CE Norm.<\/p>\n<p>Anwendung: eine von Befestigungspunkten am Standplatz; erm\u00f6glicht sicheres Abseilen auf einem Befestigungspunkt<\/p>\n<p>Gewicht: 144g<\/p>\n<p><!-- Ozna\u010dbe --><\/p>\n<p class=\"cr-legend\"><strong>Markierungen auf der Bohrhakenlasche:<\/strong><\/p>\n<div class=\"cr-container-manual\">\n<div class=\"visual-block\"><!-- Visual block: M --><\/p>\n<div class=\"image\"><img decoding=\"async\" class=\"\" src=\"http:\/\/climbready.eu\/wp-content\/uploads\/2022\/07\/CR-icon-m-min-1-e1658462428768.png\" alt=\"Bohrhakenlasche INOX mit Ring \/ 382\" height=\"40\"><\/div>\n<div class=\"desc\">\n<p>Logo des Herstellers<\/p>\n<\/div>\n<\/div>\n<p><!-- \/\/ END Visual block M --><\/p>\n<div class=\"visual-block odd\"><!-- Visual block: 27KN --><\/p>\n<div class=\"image\"><img decoding=\"async\" class=\"\" src=\"http:\/\/climbready.eu\/wp-content\/uploads\/2022\/07\/CR-icon-30-kn-min-e1658477065561.png\" alt=\"Bohrhakenlasche INOX mit Ring \/ 382\" height=\"40\" \/><\/div>\n<div class=\"desc\">\n<p>Zul\u00e4ssige Tragf\u00e4higkeit 3.000kg<\/p>\n<\/div>\n<\/div>\n<p><!-- \/\/ END Visual block 27KN --><\/p>\n<div class=\"visual-block\"><!-- Visual block: \u00f810 --><\/p>\n<div class=\"image\"><img decoding=\"async\" class=\"\" src=\"http:\/\/climbready.eu\/wp-content\/uploads\/2022\/07\/CR-icon-fi-10-min-1-e1658476978116.png\" alt=\"Bohrhakenlasche INOX mit Ring \/ 382\" height=\"40\"><\/div>\n<div class=\"desc\">\n<p>Loch f\u00fcr Anker oder Schraube (\u00f810, Schraube M10)<\/p>\n<\/div>\n<\/div>\n<p><!-- \/\/ END Visual block \u00f810 --><\/p>\n<div class=\"visual-block odd\"><!-- Visual block: CE --><\/p>\n<div class=\"image\"><img decoding=\"async\" class=\"\" src=\"http:\/\/climbready.eu\/wp-content\/uploads\/2022\/07\/CR-icon-ce-min-2-e1658462864120.png\" alt=\"Bohrhakenlasche INOX mit Ring \/ 382\" height=\"40\"><\/div>\n<div class=\"desc\">\n<p>Europ\u00e4ische CE-Norm<\/p>\n<\/div>\n<\/div>\n<p><!-- \/\/ END Visual block CE --><\/div>\n<p><!-- \/\/ END cr-container-manual --><\/p>\n","protected":false},"excerpt":{"rendered":"<p>Gefertigt aus nichtrostendem INOX A4 Stahl. Sie wurde konzipiert um einen Befestigungspunkt zu benutzen und ist perfekt f\u00fcr Abseilpisten und Standpl\u00e4tze. Das Seil l\u00e4sst sich perfekt durch den Ring durchziehen und kann sich nicht am Felsen reiben.<\/p>\n<p>Anwendung: eine von Befestigungspunkten am Standplatz; erm\u00f6glicht sicheres Abseilen auf einem Befestigungspunkt<\/p>\n<p>Gewicht: 144g<\/p>\n","protected":false},"featured_media":5785,"comment_status":"closed","ping_status":"closed","template":"","meta":{"iawp_total_views":91},"product_brand":[],"product_cat":[291,289],"product_tag":[],"class_list":{"0":"post-6032","1":"product","2":"type-product","3":"status-publish","4":"has-post-thumbnail","6":"product_cat-anschlagmittel-befestigung","7":"product_cat-ausruestung-alpinklettern","9":"first","10":"instock","11":"taxable","12":"shipping-taxable","13":"purchasable","14":"product-type-simple"},"yoast_head":"<!-- This site is optimized with the Yoast SEO plugin v27.4 - https:\/\/yoast.com\/product\/yoast-seo-wordpress\/ -->\n<title>Bohrhakenlasche INOX mit Ring \/ 382 - Climb Ready<\/title>\n<meta name=\"robots\" content=\"index, follow, max-snippet:-1, max-image-preview:large, max-video-preview:-1\" \/>\n<link rel=\"canonical\" href=\"https:\/\/www.climbready.eu\/de\/produkt\/bohrhakenlasche-inox-mit-ring\/\" \/>\n<meta property=\"og:locale\" content=\"de_DE\" \/>\n<meta property=\"og:type\" content=\"article\" \/>\n<meta property=\"og:title\" content=\"Bohrhakenlasche INOX mit Ring \/ 382 - Climb Ready\" \/>\n<meta property=\"og:description\" content=\"Gefertigt aus nichtrostendem INOX A4 Stahl. Sie wurde konzipiert um einen Befestigungspunkt zu benutzen und ist perfekt f\u00fcr Abseilpisten und Standpl\u00e4tze. Das Seil l\u00e4sst sich perfekt durch den Ring durchziehen und kann sich nicht am Felsen reiben. Anwendung: eine von Befestigungspunkten am Standplatz; erm\u00f6glicht sicheres Abseilen auf einem Befestigungspunkt Gewicht: 144g\" \/>\n<meta property=\"og:url\" content=\"https:\/\/www.climbready.eu\/de\/produkt\/bohrhakenlasche-inox-mit-ring\/\" \/>\n<meta property=\"og:site_name\" content=\"Climb Ready\" \/>\n<meta property=\"article:modified_time\" content=\"2022-09-12T16:06:52+00:00\" \/>\n<meta property=\"og:image\" content=\"https:\/\/www.climbready.eu\/wp-content\/uploads\/2015\/10\/382-mg-metal-klini_16.jpg\" \/>\n\t<meta property=\"og:image:width\" content=\"900\" \/>\n\t<meta property=\"og:image:height\" content=\"900\" \/>\n\t<meta property=\"og:image:type\" content=\"image\/jpeg\" \/>\n<meta name=\"twitter:card\" content=\"summary_large_image\" \/>\n<meta name=\"twitter:label1\" content=\"Gesch\u00e4tzte Lesezeit\" \/>\n\t<meta name=\"twitter:data1\" content=\"2\u00a0Minuten\" \/>\n<script type=\"application\/ld+json\" class=\"yoast-schema-graph\">{\"@context\":\"https:\\\/\\\/schema.org\",\"@graph\":[{\"@type\":\"WebPage\",\"@id\":\"https:\\\/\\\/www.climbready.eu\\\/de\\\/produkt\\\/bohrhakenlasche-inox-mit-ring\\\/\",\"url\":\"https:\\\/\\\/www.climbready.eu\\\/de\\\/produkt\\\/bohrhakenlasche-inox-mit-ring\\\/\",\"name\":\"Bohrhakenlasche INOX mit Ring \\\/ 382 - Climb Ready\",\"isPartOf\":{\"@id\":\"https:\\\/\\\/www.climbready.eu\\\/de\\\/#website\"},\"primaryImageOfPage\":{\"@id\":\"https:\\\/\\\/www.climbready.eu\\\/de\\\/produkt\\\/bohrhakenlasche-inox-mit-ring\\\/#primaryimage\"},\"image\":{\"@id\":\"https:\\\/\\\/www.climbready.eu\\\/de\\\/produkt\\\/bohrhakenlasche-inox-mit-ring\\\/#primaryimage\"},\"thumbnailUrl\":\"https:\\\/\\\/www.climbready.eu\\\/wp-content\\\/uploads\\\/2015\\\/10\\\/382-mg-metal-klini_16.jpg\",\"datePublished\":\"2015-10-30T16:14:36+00:00\",\"dateModified\":\"2022-09-12T16:06:52+00:00\",\"breadcrumb\":{\"@id\":\"https:\\\/\\\/www.climbready.eu\\\/de\\\/produkt\\\/bohrhakenlasche-inox-mit-ring\\\/#breadcrumb\"},\"inLanguage\":\"de\",\"potentialAction\":[{\"@type\":\"ReadAction\",\"target\":[\"https:\\\/\\\/www.climbready.eu\\\/de\\\/produkt\\\/bohrhakenlasche-inox-mit-ring\\\/\"]}]},{\"@type\":\"ImageObject\",\"inLanguage\":\"de\",\"@id\":\"https:\\\/\\\/www.climbready.eu\\\/de\\\/produkt\\\/bohrhakenlasche-inox-mit-ring\\\/#primaryimage\",\"url\":\"https:\\\/\\\/www.climbready.eu\\\/wp-content\\\/uploads\\\/2015\\\/10\\\/382-mg-metal-klini_16.jpg\",\"contentUrl\":\"https:\\\/\\\/www.climbready.eu\\\/wp-content\\\/uploads\\\/2015\\\/10\\\/382-mg-metal-klini_16.jpg\",\"width\":900,\"height\":900},{\"@type\":\"BreadcrumbList\",\"@id\":\"https:\\\/\\\/www.climbready.eu\\\/de\\\/produkt\\\/bohrhakenlasche-inox-mit-ring\\\/#breadcrumb\",\"itemListElement\":[{\"@type\":\"ListItem\",\"position\":1,\"name\":\"Home\",\"item\":\"https:\\\/\\\/www.climbready.eu\\\/de\\\/\"},{\"@type\":\"ListItem\",\"position\":2,\"name\":\"Shop\",\"item\":\"https:\\\/\\\/www.climbready.eu\\\/de\\\/shop\\\/\"},{\"@type\":\"ListItem\",\"position\":3,\"name\":\"Bohrhakenlasche INOX mit Ring \\\/ 382\"}]},{\"@type\":\"WebSite\",\"@id\":\"https:\\\/\\\/www.climbready.eu\\\/de\\\/#website\",\"url\":\"https:\\\/\\\/www.climbready.eu\\\/de\\\/\",\"name\":\"Climb Ready\",\"description\":\"Nepogre\u0161ljiva orodja za plezanje v plezali\u0161\u010dih ali velikih stenah\",\"publisher\":{\"@id\":\"https:\\\/\\\/www.climbready.eu\\\/de\\\/#organization\"},\"potentialAction\":[{\"@type\":\"SearchAction\",\"target\":{\"@type\":\"EntryPoint\",\"urlTemplate\":\"https:\\\/\\\/www.climbready.eu\\\/de\\\/?s={search_term_string}\"},\"query-input\":{\"@type\":\"PropertyValueSpecification\",\"valueRequired\":true,\"valueName\":\"search_term_string\"}}],\"inLanguage\":\"de\"},{\"@type\":\"Organization\",\"@id\":\"https:\\\/\\\/www.climbready.eu\\\/de\\\/#organization\",\"name\":\"Climb Ready\",\"url\":\"https:\\\/\\\/www.climbready.eu\\\/de\\\/\",\"logo\":{\"@type\":\"ImageObject\",\"inLanguage\":\"de\",\"@id\":\"https:\\\/\\\/www.climbready.eu\\\/de\\\/#\\\/schema\\\/logo\\\/image\\\/\",\"url\":\"https:\\\/\\\/www.climbready.eu\\\/wp-content\\\/uploads\\\/2021\\\/07\\\/Original1-scaled.jpg\",\"contentUrl\":\"https:\\\/\\\/www.climbready.eu\\\/wp-content\\\/uploads\\\/2021\\\/07\\\/Original1-scaled.jpg\",\"width\":2560,\"height\":2560,\"caption\":\"Climb Ready\"},\"image\":{\"@id\":\"https:\\\/\\\/www.climbready.eu\\\/de\\\/#\\\/schema\\\/logo\\\/image\\\/\"}}]}<\/script>\n<!-- \/ Yoast SEO plugin. -->","yoast_head_json":{"title":"Bohrhakenlasche INOX mit Ring \/ 382 - Climb Ready","robots":{"index":"index","follow":"follow","max-snippet":"max-snippet:-1","max-image-preview":"max-image-preview:large","max-video-preview":"max-video-preview:-1"},"canonical":"https:\/\/www.climbready.eu\/de\/produkt\/bohrhakenlasche-inox-mit-ring\/","og_locale":"de_DE","og_type":"article","og_title":"Bohrhakenlasche INOX mit Ring \/ 382 - Climb Ready","og_description":"Gefertigt aus nichtrostendem INOX A4 Stahl. Sie wurde konzipiert um einen Befestigungspunkt zu benutzen und ist perfekt f\u00fcr Abseilpisten und Standpl\u00e4tze. Das Seil l\u00e4sst sich perfekt durch den Ring durchziehen und kann sich nicht am Felsen reiben. Anwendung: eine von Befestigungspunkten am Standplatz; erm\u00f6glicht sicheres Abseilen auf einem Befestigungspunkt Gewicht: 144g","og_url":"https:\/\/www.climbready.eu\/de\/produkt\/bohrhakenlasche-inox-mit-ring\/","og_site_name":"Climb Ready","article_modified_time":"2022-09-12T16:06:52+00:00","og_image":[{"width":900,"height":900,"url":"https:\/\/www.climbready.eu\/wp-content\/uploads\/2015\/10\/382-mg-metal-klini_16.jpg","type":"image\/jpeg"}],"twitter_card":"summary_large_image","twitter_misc":{"Gesch\u00e4tzte Lesezeit":"2\u00a0Minuten"},"schema":{"@context":"https:\/\/schema.org","@graph":[{"@type":"WebPage","@id":"https:\/\/www.climbready.eu\/de\/produkt\/bohrhakenlasche-inox-mit-ring\/","url":"https:\/\/www.climbready.eu\/de\/produkt\/bohrhakenlasche-inox-mit-ring\/","name":"Bohrhakenlasche INOX mit Ring \/ 382 - Climb Ready","isPartOf":{"@id":"https:\/\/www.climbready.eu\/de\/#website"},"primaryImageOfPage":{"@id":"https:\/\/www.climbready.eu\/de\/produkt\/bohrhakenlasche-inox-mit-ring\/#primaryimage"},"image":{"@id":"https:\/\/www.climbready.eu\/de\/produkt\/bohrhakenlasche-inox-mit-ring\/#primaryimage"},"thumbnailUrl":"https:\/\/www.climbready.eu\/wp-content\/uploads\/2015\/10\/382-mg-metal-klini_16.jpg","datePublished":"2015-10-30T16:14:36+00:00","dateModified":"2022-09-12T16:06:52+00:00","breadcrumb":{"@id":"https:\/\/www.climbready.eu\/de\/produkt\/bohrhakenlasche-inox-mit-ring\/#breadcrumb"},"inLanguage":"de","potentialAction":[{"@type":"ReadAction","target":["https:\/\/www.climbready.eu\/de\/produkt\/bohrhakenlasche-inox-mit-ring\/"]}]},{"@type":"ImageObject","inLanguage":"de","@id":"https:\/\/www.climbready.eu\/de\/produkt\/bohrhakenlasche-inox-mit-ring\/#primaryimage","url":"https:\/\/www.climbready.eu\/wp-content\/uploads\/2015\/10\/382-mg-metal-klini_16.jpg","contentUrl":"https:\/\/www.climbready.eu\/wp-content\/uploads\/2015\/10\/382-mg-metal-klini_16.jpg","width":900,"height":900},{"@type":"BreadcrumbList","@id":"https:\/\/www.climbready.eu\/de\/produkt\/bohrhakenlasche-inox-mit-ring\/#breadcrumb","itemListElement":[{"@type":"ListItem","position":1,"name":"Home","item":"https:\/\/www.climbready.eu\/de\/"},{"@type":"ListItem","position":2,"name":"Shop","item":"https:\/\/www.climbready.eu\/de\/shop\/"},{"@type":"ListItem","position":3,"name":"Bohrhakenlasche INOX mit Ring \/ 382"}]},{"@type":"WebSite","@id":"https:\/\/www.climbready.eu\/de\/#website","url":"https:\/\/www.climbready.eu\/de\/","name":"Climb Ready","description":"Nepogre\u0161ljiva orodja za plezanje v plezali\u0161\u010dih ali velikih stenah","publisher":{"@id":"https:\/\/www.climbready.eu\/de\/#organization"},"potentialAction":[{"@type":"SearchAction","target":{"@type":"EntryPoint","urlTemplate":"https:\/\/www.climbready.eu\/de\/?s={search_term_string}"},"query-input":{"@type":"PropertyValueSpecification","valueRequired":true,"valueName":"search_term_string"}}],"inLanguage":"de"},{"@type":"Organization","@id":"https:\/\/www.climbready.eu\/de\/#organization","name":"Climb Ready","url":"https:\/\/www.climbready.eu\/de\/","logo":{"@type":"ImageObject","inLanguage":"de","@id":"https:\/\/www.climbready.eu\/de\/#\/schema\/logo\/image\/","url":"https:\/\/www.climbready.eu\/wp-content\/uploads\/2021\/07\/Original1-scaled.jpg","contentUrl":"https:\/\/www.climbready.eu\/wp-content\/uploads\/2021\/07\/Original1-scaled.jpg","width":2560,"height":2560,"caption":"Climb Ready"},"image":{"@id":"https:\/\/www.climbready.eu\/de\/#\/schema\/logo\/image\/"}}]}},"_links":{"self":[{"href":"https:\/\/www.climbready.eu\/de\/wp-json\/wp\/v2\/product\/6032","targetHints":{"allow":["GET"]}}],"collection":[{"href":"https:\/\/www.climbready.eu\/de\/wp-json\/wp\/v2\/product"}],"about":[{"href":"https:\/\/www.climbready.eu\/de\/wp-json\/wp\/v2\/types\/product"}],"replies":[{"embeddable":true,"href":"https:\/\/www.climbready.eu\/de\/wp-json\/wp\/v2\/comments?post=6032"}],"version-history":[{"count":2,"href":"https:\/\/www.climbready.eu\/de\/wp-json\/wp\/v2\/product\/6032\/revisions"}],"predecessor-version":[{"id":6038,"href":"https:\/\/www.climbready.eu\/de\/wp-json\/wp\/v2\/product\/6032\/revisions\/6038"}],"wp:featuredmedia":[{"embeddable":true,"href":"https:\/\/www.climbready.eu\/de\/wp-json\/wp\/v2\/media\/5785"}],"wp:attachment":[{"href":"https:\/\/www.climbready.eu\/de\/wp-json\/wp\/v2\/media?parent=6032"}],"wp:term":[{"taxonomy":"product_brand","embeddable":true,"href":"https:\/\/www.climbready.eu\/de\/wp-json\/wp\/v2\/product_brand?post=6032"},{"taxonomy":"product_cat","embeddable":true,"href":"https:\/\/www.climbready.eu\/de\/wp-json\/wp\/v2\/product_cat?post=6032"},{"taxonomy":"product_tag","embeddable":true,"href":"https:\/\/www.climbready.eu\/de\/wp-json\/wp\/v2\/product_tag?post=6032"}],"curies":[{"name":"wp","href":"https:\/\/api.w.org\/{rel}","templated":true}]}}